{"id":11527,"date":"2023-12-05T07:40:02","date_gmt":"2023-12-05T06:40:02","guid":{"rendered":"https:\/\/cibrarioformaggi.it\/negozio\/tomate-au-piment\/"},"modified":"2024-04-09T12:16:46","modified_gmt":"2024-04-09T10:16:46","slug":"tomme-au-piment","status":"publish","type":"product","link":"https:\/\/cibrarioformaggi.it\/fr\/negozio\/tomme-au-piment\/","title":{"rendered":"Tomme au piment"},"content":{"rendered":"\t\t<div data-elementor-type=\"wp-post\" data-elementor-id=\"11527\" class=\"elementor elementor-11527 elementor-10703\">\n\t\t\t\t\t\t<section class=\"wd-negative-gap elementor-section elementor-top-section elementor-element elementor-element-4afae9fb elementor-section-boxed elementor-section-height-default elementor-section-height-default\" data-id=\"4afae9fb\" data-element_type=\"section\">\n\t\t\t\t\t\t<div class=\"elementor-container elementor-column-gap-default\">\n\t\t\t\t\t<div class=\"elementor-column elementor-col-100 elementor-top-column elementor-element elementor-element-10e6ba9a\" data-id=\"10e6ba9a\" data-element_type=\"column\">\n\t\t\t<div class=\"elementor-widget-wrap elementor-element-populated\">\n\t\t\t\t\t\t<div class=\"elementor-element elementor-element-4db4883c color-scheme-inherit text-left elementor-widget elementor-widget-text-editor\" data-id=\"4db4883c\" data-element_type=\"widget\" data-widget_type=\"text-editor.default\">\n\t\t\t\t<div class=\"elementor-widget-container\">\n\t\t\t\t\t\t\t\t\t<\/p>\n<table width=\"210\">\n<tbody>\n<tr>\n<td colspan=\"2\" width=\"210\"><strong>Substances pr\u00e9sentes dans 100 g de produit<\/strong><\/td>\n<\/tr>\n<tr>\n<td> <\/td>\n<td> <\/td>\n<\/tr>\n<tr>\n<td>Valeur \u00e9nerg\u00e9tique<\/td>\n<td>1 524 kj &#8211; 367 kcal<\/td>\n<\/tr>\n<tr>\n<td>Mati\u00e8res grasses totales<\/td>\n<td>30 g<\/td>\n<\/tr>\n<tr>\n<td>dont acides gras satur\u00e9s<\/td>\n<td>21 g<\/td>\n<\/tr>\n<tr>\n<td>Glucides<\/td>\n<td>1 g<\/td>\n<\/tr>\n<tr>\n<td>dont sucres<\/td>\n<td>1 g<\/td>\n<\/tr>\n<tr>\n<td>Prot\u00e9ines<\/td>\n<td>24 g<\/td>\n<\/tr>\n<tr>\n<td>Sel<\/td>\n<td>1 g<\/td>\n<\/tr>\n<\/tbody>\n<\/table>\n<p><strong>Ingr\u00e9dients<br \/><\/strong>lait, sel, pr\u00e9sure, ferments lactiques, piment hach\u00e9<strong><br \/><\/strong><\/p>\n<p><strong>Allerg\u00e8nes<br \/><\/strong>lait et produits laitiers, piment<\/p>\n<p><strong>Conditions et m\u00e9thodes de stockage<br \/><\/strong>entre 0 et 4 degr\u00e9s centigrades<\/p>\n<p><strong> <\/strong><\/p>\n\t\t\t\t\t\t\t\t<\/div>\n\t\t\t\t<\/div>\n\t\t\t\t\t<\/div>\n\t\t<\/div>\n\t\t\t\t\t<\/div>\n\t\t<\/section>\n\t\t\t\t<\/div>\n\t\t","protected":false},"excerpt":{"rendered":"<p>L&#8217;ajout de piment donne \u00e0 la classique tomme valsusine une touche \u00e9pic\u00e9e, qui la rend parfaite pour l&#8217;ap\u00e9ritif en association avec un vin blanc cors\u00e9.<\/p>\n<p>Le produit est conditionn\u00e9 sous vide pour en pr\u00e9server intactes les caract\u00e9ristiques.<\/p>\n<p>Prix au kilo : 13,00 \u20ac.<\/p>\n<p>Attention : les exp\u00e9ditions ont lieu les jeudis de chaque semaine.<\/p>\n","protected":false},"featured_media":10263,"template":"","meta":[],"product_brand":[],"product_cat":[156],"product_tag":[],"class_list":{"0":"post-11527","1":"product","2":"type-product","3":"status-publish","4":"has-post-thumbnail","6":"product_cat-fromage-dalpage","8":"first","9":"instock","10":"shipping-taxable","11":"purchasable","12":"product-type-variable"},"yoast_head":"<!-- This site is optimized with the Yoast SEO plugin v26.9 - https:\/\/yoast.com\/product\/yoast-seo-wordpress\/ -->\n<title>Tomme au piment &#187; Azienda Agricola Cibrario<\/title>\n<meta name=\"robots\" content=\"index, follow, max-snippet:-1, max-image-preview:large, max-video-preview:-1\" \/>\n<link rel=\"canonical\" href=\"https:\/\/cibrarioformaggi.it\/fr\/negozio\/tomme-au-piment\/\" \/>\n<meta property=\"og:locale\" content=\"fr_FR\" \/>\n<meta property=\"og:type\" content=\"article\" \/>\n<meta property=\"og:title\" content=\"Tomme au piment &#187; Azienda Agricola Cibrario\" \/>\n<meta property=\"og:description\" content=\"L&#039;ajout de piment donne \u00e0 la classique tomme valsusine une touche \u00e9pic\u00e9e, qui la rend parfaite pour l&#039;ap\u00e9ritif en association avec un vin blanc cors\u00e9.  Le produit est conditionn\u00e9 sous vide pour en pr\u00e9server intactes les caract\u00e9ristiques.  Prix au kilo : 13,00 \u20ac.  Attention : les exp\u00e9ditions ont lieu les jeudis de chaque semaine.\" \/>\n<meta property=\"og:url\" content=\"https:\/\/cibrarioformaggi.it\/fr\/negozio\/tomme-au-piment\/\" \/>\n<meta property=\"og:site_name\" content=\"Azienda Agricola Cibrario\" \/>\n<meta property=\"article:publisher\" content=\"https:\/\/www.facebook.com\/cibrarioformaggichiomonte\" \/>\n<meta property=\"article:modified_time\" content=\"2024-04-09T10:16:46+00:00\" \/>\n<meta property=\"og:image\" content=\"https:\/\/cibrarioformaggi.it\/wp-content\/uploads\/2022\/07\/03-Stagionati.jpg\" \/>\n\t<meta property=\"og:image:width\" content=\"1280\" \/>\n\t<meta property=\"og:image:height\" content=\"1280\" \/>\n\t<meta property=\"og:image:type\" content=\"image\/jpeg\" \/>\n<meta name=\"twitter:card\" content=\"summary_large_image\" \/>\n<script type=\"application\/ld+json\" class=\"yoast-schema-graph\">{\"@context\":\"https:\/\/schema.org\",\"@graph\":[{\"@type\":\"WebPage\",\"@id\":\"https:\/\/cibrarioformaggi.it\/fr\/negozio\/tomme-au-piment\/\",\"url\":\"https:\/\/cibrarioformaggi.it\/fr\/negozio\/tomme-au-piment\/\",\"name\":\"Tomme au piment &#187; Azienda Agricola Cibrario\",\"isPartOf\":{\"@id\":\"https:\/\/cibrarioformaggi.it\/fr\/#website\"},\"primaryImageOfPage\":{\"@id\":\"https:\/\/cibrarioformaggi.it\/fr\/negozio\/tomme-au-piment\/#primaryimage\"},\"image\":{\"@id\":\"https:\/\/cibrarioformaggi.it\/fr\/negozio\/tomme-au-piment\/#primaryimage\"},\"thumbnailUrl\":\"https:\/\/cibrarioformaggi.it\/wp-content\/uploads\/2022\/07\/03-Stagionati.jpg\",\"datePublished\":\"2023-12-05T06:40:02+00:00\",\"dateModified\":\"2024-04-09T10:16:46+00:00\",\"breadcrumb\":{\"@id\":\"https:\/\/cibrarioformaggi.it\/fr\/negozio\/tomme-au-piment\/#breadcrumb\"},\"inLanguage\":\"fr-FR\",\"potentialAction\":[{\"@type\":\"ReadAction\",\"target\":[\"https:\/\/cibrarioformaggi.it\/fr\/negozio\/tomme-au-piment\/\"]}]},{\"@type\":\"ImageObject\",\"inLanguage\":\"fr-FR\",\"@id\":\"https:\/\/cibrarioformaggi.it\/fr\/negozio\/tomme-au-piment\/#primaryimage\",\"url\":\"https:\/\/cibrarioformaggi.it\/wp-content\/uploads\/2022\/07\/03-Stagionati.jpg\",\"contentUrl\":\"https:\/\/cibrarioformaggi.it\/wp-content\/uploads\/2022\/07\/03-Stagionati.jpg\",\"width\":1280,\"height\":1280,\"caption\":\"Toma al peperoncino\"},{\"@type\":\"BreadcrumbList\",\"@id\":\"https:\/\/cibrarioformaggi.it\/fr\/negozio\/tomme-au-piment\/#breadcrumb\",\"itemListElement\":[{\"@type\":\"ListItem\",\"position\":1,\"name\":\"Home\",\"item\":\"https:\/\/cibrarioformaggi.it\/fr\/\"},{\"@type\":\"ListItem\",\"position\":2,\"name\":\"Boutique\",\"item\":\"https:\/\/cibrarioformaggi.it\/fr\/boutique\/\"},{\"@type\":\"ListItem\",\"position\":3,\"name\":\"Tomme au piment\"}]},{\"@type\":\"WebSite\",\"@id\":\"https:\/\/cibrarioformaggi.it\/fr\/#website\",\"url\":\"https:\/\/cibrarioformaggi.it\/fr\/\",\"name\":\"Azienda Agricola Cibrario\",\"description\":\"Chiomonte\",\"publisher\":{\"@id\":\"https:\/\/cibrarioformaggi.it\/fr\/#organization\"},\"potentialAction\":[{\"@type\":\"SearchAction\",\"target\":{\"@type\":\"EntryPoint\",\"urlTemplate\":\"https:\/\/cibrarioformaggi.it\/fr\/?s={search_term_string}\"},\"query-input\":{\"@type\":\"PropertyValueSpecification\",\"valueRequired\":true,\"valueName\":\"search_term_string\"}}],\"inLanguage\":\"fr-FR\"},{\"@type\":\"Organization\",\"@id\":\"https:\/\/cibrarioformaggi.it\/fr\/#organization\",\"name\":\"Azienda Agricola Cibrario\",\"url\":\"https:\/\/cibrarioformaggi.it\/fr\/\",\"logo\":{\"@type\":\"ImageObject\",\"inLanguage\":\"fr-FR\",\"@id\":\"https:\/\/cibrarioformaggi.it\/fr\/#\/schema\/logo\/image\/\",\"url\":\"https:\/\/cibrarioformaggi.it\/wp-content\/uploads\/2022\/07\/Logo-orizzontale@2x.png\",\"contentUrl\":\"https:\/\/cibrarioformaggi.it\/wp-content\/uploads\/2022\/07\/Logo-orizzontale@2x.png\",\"width\":1130,\"height\":380,\"caption\":\"Azienda Agricola Cibrario\"},\"image\":{\"@id\":\"https:\/\/cibrarioformaggi.it\/fr\/#\/schema\/logo\/image\/\"},\"sameAs\":[\"https:\/\/www.facebook.com\/cibrarioformaggichiomonte\",\"https:\/\/www.instagram.com\/cibrario_formaggi_chiomonte\/\"]}]}<\/script>\n<!-- \/ Yoast SEO plugin. -->","yoast_head_json":{"title":"Tomme au piment &#187; Azienda Agricola Cibrario","robots":{"index":"index","follow":"follow","max-snippet":"max-snippet:-1","max-image-preview":"max-image-preview:large","max-video-preview":"max-video-preview:-1"},"canonical":"https:\/\/cibrarioformaggi.it\/fr\/negozio\/tomme-au-piment\/","og_locale":"fr_FR","og_type":"article","og_title":"Tomme au piment &#187; Azienda Agricola Cibrario","og_description":"L'ajout de piment donne \u00e0 la classique tomme valsusine une touche \u00e9pic\u00e9e, qui la rend parfaite pour l'ap\u00e9ritif en association avec un vin blanc cors\u00e9.  Le produit est conditionn\u00e9 sous vide pour en pr\u00e9server intactes les caract\u00e9ristiques.  Prix au kilo : 13,00 \u20ac.  Attention : les exp\u00e9ditions ont lieu les jeudis de chaque semaine.","og_url":"https:\/\/cibrarioformaggi.it\/fr\/negozio\/tomme-au-piment\/","og_site_name":"Azienda Agricola Cibrario","article_publisher":"https:\/\/www.facebook.com\/cibrarioformaggichiomonte","article_modified_time":"2024-04-09T10:16:46+00:00","og_image":[{"width":1280,"height":1280,"url":"https:\/\/cibrarioformaggi.it\/wp-content\/uploads\/2022\/07\/03-Stagionati.jpg","type":"image\/jpeg"}],"twitter_card":"summary_large_image","schema":{"@context":"https:\/\/schema.org","@graph":[{"@type":"WebPage","@id":"https:\/\/cibrarioformaggi.it\/fr\/negozio\/tomme-au-piment\/","url":"https:\/\/cibrarioformaggi.it\/fr\/negozio\/tomme-au-piment\/","name":"Tomme au piment &#187; Azienda Agricola Cibrario","isPartOf":{"@id":"https:\/\/cibrarioformaggi.it\/fr\/#website"},"primaryImageOfPage":{"@id":"https:\/\/cibrarioformaggi.it\/fr\/negozio\/tomme-au-piment\/#primaryimage"},"image":{"@id":"https:\/\/cibrarioformaggi.it\/fr\/negozio\/tomme-au-piment\/#primaryimage"},"thumbnailUrl":"https:\/\/cibrarioformaggi.it\/wp-content\/uploads\/2022\/07\/03-Stagionati.jpg","datePublished":"2023-12-05T06:40:02+00:00","dateModified":"2024-04-09T10:16:46+00:00","breadcrumb":{"@id":"https:\/\/cibrarioformaggi.it\/fr\/negozio\/tomme-au-piment\/#breadcrumb"},"inLanguage":"fr-FR","potentialAction":[{"@type":"ReadAction","target":["https:\/\/cibrarioformaggi.it\/fr\/negozio\/tomme-au-piment\/"]}]},{"@type":"ImageObject","inLanguage":"fr-FR","@id":"https:\/\/cibrarioformaggi.it\/fr\/negozio\/tomme-au-piment\/#primaryimage","url":"https:\/\/cibrarioformaggi.it\/wp-content\/uploads\/2022\/07\/03-Stagionati.jpg","contentUrl":"https:\/\/cibrarioformaggi.it\/wp-content\/uploads\/2022\/07\/03-Stagionati.jpg","width":1280,"height":1280,"caption":"Toma al peperoncino"},{"@type":"BreadcrumbList","@id":"https:\/\/cibrarioformaggi.it\/fr\/negozio\/tomme-au-piment\/#breadcrumb","itemListElement":[{"@type":"ListItem","position":1,"name":"Home","item":"https:\/\/cibrarioformaggi.it\/fr\/"},{"@type":"ListItem","position":2,"name":"Boutique","item":"https:\/\/cibrarioformaggi.it\/fr\/boutique\/"},{"@type":"ListItem","position":3,"name":"Tomme au piment"}]},{"@type":"WebSite","@id":"https:\/\/cibrarioformaggi.it\/fr\/#website","url":"https:\/\/cibrarioformaggi.it\/fr\/","name":"Azienda Agricola Cibrario","description":"Chiomonte","publisher":{"@id":"https:\/\/cibrarioformaggi.it\/fr\/#organization"},"potentialAction":[{"@type":"SearchAction","target":{"@type":"EntryPoint","urlTemplate":"https:\/\/cibrarioformaggi.it\/fr\/?s={search_term_string}"},"query-input":{"@type":"PropertyValueSpecification","valueRequired":true,"valueName":"search_term_string"}}],"inLanguage":"fr-FR"},{"@type":"Organization","@id":"https:\/\/cibrarioformaggi.it\/fr\/#organization","name":"Azienda Agricola Cibrario","url":"https:\/\/cibrarioformaggi.it\/fr\/","logo":{"@type":"ImageObject","inLanguage":"fr-FR","@id":"https:\/\/cibrarioformaggi.it\/fr\/#\/schema\/logo\/image\/","url":"https:\/\/cibrarioformaggi.it\/wp-content\/uploads\/2022\/07\/Logo-orizzontale@2x.png","contentUrl":"https:\/\/cibrarioformaggi.it\/wp-content\/uploads\/2022\/07\/Logo-orizzontale@2x.png","width":1130,"height":380,"caption":"Azienda Agricola Cibrario"},"image":{"@id":"https:\/\/cibrarioformaggi.it\/fr\/#\/schema\/logo\/image\/"},"sameAs":["https:\/\/www.facebook.com\/cibrarioformaggichiomonte","https:\/\/www.instagram.com\/cibrario_formaggi_chiomonte\/"]}]}},"_links":{"self":[{"href":"https:\/\/cibrarioformaggi.it\/fr\/wp-json\/wp\/v2\/product\/11527","targetHints":{"allow":["GET"]}}],"collection":[{"href":"https:\/\/cibrarioformaggi.it\/fr\/wp-json\/wp\/v2\/product"}],"about":[{"href":"https:\/\/cibrarioformaggi.it\/fr\/wp-json\/wp\/v2\/types\/product"}],"wp:featuredmedia":[{"embeddable":true,"href":"https:\/\/cibrarioformaggi.it\/fr\/wp-json\/wp\/v2\/media\/10263"}],"wp:attachment":[{"href":"https:\/\/cibrarioformaggi.it\/fr\/wp-json\/wp\/v2\/media?parent=11527"}],"wp:term":[{"taxonomy":"product_brand","embeddable":true,"href":"https:\/\/cibrarioformaggi.it\/fr\/wp-json\/wp\/v2\/product_brand?post=11527"},{"taxonomy":"product_cat","embeddable":true,"href":"https:\/\/cibrarioformaggi.it\/fr\/wp-json\/wp\/v2\/product_cat?post=11527"},{"taxonomy":"product_tag","embeddable":true,"href":"https:\/\/cibrarioformaggi.it\/fr\/wp-json\/wp\/v2\/product_tag?post=11527"}],"curies":[{"name":"wp","href":"https:\/\/api.w.org\/{rel}","templated":true}]}}