{"id":11481,"date":"2023-12-05T08:29:40","date_gmt":"2023-12-05T07:29:40","guid":{"rendered":"https:\/\/cibrarioformaggi.it\/negozio\/tomate-bleue\/"},"modified":"2024-04-09T12:15:20","modified_gmt":"2024-04-09T10:15:20","slug":"tomme-bleue","status":"publish","type":"product","link":"https:\/\/cibrarioformaggi.it\/fr\/negozio\/tomme-bleue\/","title":{"rendered":"Tomme bleue"},"content":{"rendered":"\t\t<div data-elementor-type=\"wp-post\" data-elementor-id=\"11481\" class=\"elementor elementor-11481 elementor-10723\">\n\t\t\t\t\t\t<section class=\"wd-negative-gap elementor-section elementor-top-section elementor-element elementor-element-4afae9fb elementor-section-boxed elementor-section-height-default elementor-section-height-default\" data-id=\"4afae9fb\" data-element_type=\"section\">\n\t\t\t\t\t\t<div class=\"elementor-container elementor-column-gap-default\">\n\t\t\t\t\t<div class=\"elementor-column elementor-col-100 elementor-top-column elementor-element elementor-element-10e6ba9a\" data-id=\"10e6ba9a\" data-element_type=\"column\">\n\t\t\t<div class=\"elementor-widget-wrap elementor-element-populated\">\n\t\t\t\t\t\t<div class=\"elementor-element elementor-element-4db4883c color-scheme-inherit text-left elementor-widget elementor-widget-text-editor\" data-id=\"4db4883c\" data-element_type=\"widget\" data-widget_type=\"text-editor.default\">\n\t\t\t\t<div class=\"elementor-widget-container\">\n\t\t\t\t\t\t\t\t\t<table width=\"210\">\n<tbody>\n<tr>\n<td colspan=\"2\" width=\"210\"><strong>Substances pr\u00e9sentes dans 100 g de produit<\/strong><\/td>\n<\/tr>\n<tr>\n<td> <\/td>\n<td> <\/td>\n<\/tr>\n<tr>\n<td>Valeur \u00e9nerg\u00e9tique<\/td>\n<td>1492 Kj &#8211; 360 Kcal<\/td>\n<\/tr>\n<tr>\n<td>Mati\u00e8res grasses totales<\/td>\n<td>30,40 g<\/td>\n<\/tr>\n<tr>\n<td>dont acides gras satur\u00e9s<\/td>\n<td>15,80 g<\/td>\n<\/tr>\n<tr>\n<td>Glucides<\/td>\n<td>1 g<\/td>\n<\/tr>\n<tr>\n<td>dont sucres<\/td>\n<td>0,1 g<\/td>\n<\/tr>\n<tr>\n<td>Prot\u00e9ines<\/td>\n<td>21,6 g<\/td>\n<\/tr>\n<tr>\n<td>Sel<\/td>\n<td>1 g<\/td>\n<\/tr>\n<\/tbody>\n<\/table>\n<p><strong>Ingr\u00e9dients<br \/><\/strong>lait, sel, pr\u00e9sure, ferments lactiques.<strong><br \/><\/strong><\/p>\n<p><strong>Allerg\u00e8nes<br \/><\/strong>lait et d\u00e9riv\u00e9s du lait.<\/p>\n<p><strong>Conditions et m\u00e9thodes de stockage<br \/><\/strong>entre 0 et 4 degr\u00e9s centigrades<\/p>\n<p><strong> <\/strong><\/p>\n\t\t\t\t\t\t\t\t<\/div>\n\t\t\t\t<\/div>\n\t\t\t\t\t<\/div>\n\t\t<\/div>\n\t\t\t\t\t<\/div>\n\t\t<\/section>\n\t\t\t\t<\/div>\n\t\t","protected":false},"excerpt":{"rendered":"<p>Au go\u00fbt intense et l\u00e9g\u00e8rement \u00e9pic\u00e9, cette tomme \u00e0 p\u00e2te persill\u00e9e et \u00e0 longue maturation rappelle la tradition ancestrale des bleus pi\u00e9montais et est parfaite en association avec du miel et du vin rouge.<\/p>\n<p>Le produit est conditionn\u00e9 sous vide pour en pr\u00e9server intactes les caract\u00e9ristiques.<\/p>\n<p>Prix au kilo : 20,00 \u20ac.<\/p>\n<p>Attention : les exp\u00e9ditions ont lieu les jeudis de chaque semaine.<\/p>\n","protected":false},"featured_media":10266,"template":"","meta":[],"product_brand":[],"product_cat":[156],"product_tag":[],"class_list":{"0":"post-11481","1":"product","2":"type-product","3":"status-publish","4":"has-post-thumbnail","6":"product_cat-fromage-dalpage","8":"first","9":"instock","10":"shipping-taxable","11":"purchasable","12":"product-type-variable"},"yoast_head":"<!-- This site is optimized with the Yoast SEO plugin v26.9 - https:\/\/yoast.com\/product\/yoast-seo-wordpress\/ -->\n<title>Tomme bleue &#187; Azienda Agricola Cibrario<\/title>\n<meta name=\"robots\" content=\"index, follow, max-snippet:-1, max-image-preview:large, max-video-preview:-1\" \/>\n<link rel=\"canonical\" href=\"https:\/\/cibrarioformaggi.it\/fr\/negozio\/tomme-bleue\/\" \/>\n<meta property=\"og:locale\" content=\"fr_FR\" \/>\n<meta property=\"og:type\" content=\"article\" \/>\n<meta property=\"og:title\" content=\"Tomme bleue &#187; Azienda Agricola Cibrario\" \/>\n<meta property=\"og:description\" content=\"Au go\u00fbt intense et l\u00e9g\u00e8rement \u00e9pic\u00e9, cette tomme \u00e0 p\u00e2te persill\u00e9e et \u00e0 longue maturation rappelle la tradition ancestrale des bleus pi\u00e9montais et est parfaite en association avec du miel et du vin rouge.  Le produit est conditionn\u00e9 sous vide pour en pr\u00e9server intactes les caract\u00e9ristiques.  Prix au kilo : 20,00 \u20ac.  Attention : les exp\u00e9ditions ont lieu les jeudis de chaque semaine.\" \/>\n<meta property=\"og:url\" content=\"https:\/\/cibrarioformaggi.it\/fr\/negozio\/tomme-bleue\/\" \/>\n<meta property=\"og:site_name\" content=\"Azienda Agricola Cibrario\" \/>\n<meta property=\"article:publisher\" content=\"https:\/\/www.facebook.com\/cibrarioformaggichiomonte\" \/>\n<meta property=\"article:modified_time\" content=\"2024-04-09T10:15:20+00:00\" \/>\n<meta property=\"og:image\" content=\"https:\/\/cibrarioformaggi.it\/wp-content\/uploads\/2022\/07\/01-Stagionati.jpg\" \/>\n\t<meta property=\"og:image:width\" content=\"1280\" \/>\n\t<meta property=\"og:image:height\" content=\"1280\" \/>\n\t<meta property=\"og:image:type\" content=\"image\/jpeg\" \/>\n<meta name=\"twitter:card\" content=\"summary_large_image\" \/>\n<script type=\"application\/ld+json\" class=\"yoast-schema-graph\">{\"@context\":\"https:\/\/schema.org\",\"@graph\":[{\"@type\":\"WebPage\",\"@id\":\"https:\/\/cibrarioformaggi.it\/fr\/negozio\/tomme-bleue\/\",\"url\":\"https:\/\/cibrarioformaggi.it\/fr\/negozio\/tomme-bleue\/\",\"name\":\"Tomme bleue &#187; Azienda Agricola Cibrario\",\"isPartOf\":{\"@id\":\"https:\/\/cibrarioformaggi.it\/fr\/#website\"},\"primaryImageOfPage\":{\"@id\":\"https:\/\/cibrarioformaggi.it\/fr\/negozio\/tomme-bleue\/#primaryimage\"},\"image\":{\"@id\":\"https:\/\/cibrarioformaggi.it\/fr\/negozio\/tomme-bleue\/#primaryimage\"},\"thumbnailUrl\":\"https:\/\/cibrarioformaggi.it\/wp-content\/uploads\/2022\/07\/01-Stagionati.jpg\",\"datePublished\":\"2023-12-05T07:29:40+00:00\",\"dateModified\":\"2024-04-09T10:15:20+00:00\",\"breadcrumb\":{\"@id\":\"https:\/\/cibrarioformaggi.it\/fr\/negozio\/tomme-bleue\/#breadcrumb\"},\"inLanguage\":\"fr-FR\",\"potentialAction\":[{\"@type\":\"ReadAction\",\"target\":[\"https:\/\/cibrarioformaggi.it\/fr\/negozio\/tomme-bleue\/\"]}]},{\"@type\":\"ImageObject\",\"inLanguage\":\"fr-FR\",\"@id\":\"https:\/\/cibrarioformaggi.it\/fr\/negozio\/tomme-bleue\/#primaryimage\",\"url\":\"https:\/\/cibrarioformaggi.it\/wp-content\/uploads\/2022\/07\/01-Stagionati.jpg\",\"contentUrl\":\"https:\/\/cibrarioformaggi.it\/wp-content\/uploads\/2022\/07\/01-Stagionati.jpg\",\"width\":1280,\"height\":1280,\"caption\":\"Toma lait brusc\"},{\"@type\":\"BreadcrumbList\",\"@id\":\"https:\/\/cibrarioformaggi.it\/fr\/negozio\/tomme-bleue\/#breadcrumb\",\"itemListElement\":[{\"@type\":\"ListItem\",\"position\":1,\"name\":\"Home\",\"item\":\"https:\/\/cibrarioformaggi.it\/fr\/\"},{\"@type\":\"ListItem\",\"position\":2,\"name\":\"Boutique\",\"item\":\"https:\/\/cibrarioformaggi.it\/fr\/boutique\/\"},{\"@type\":\"ListItem\",\"position\":3,\"name\":\"Tomme bleue\"}]},{\"@type\":\"WebSite\",\"@id\":\"https:\/\/cibrarioformaggi.it\/fr\/#website\",\"url\":\"https:\/\/cibrarioformaggi.it\/fr\/\",\"name\":\"Azienda Agricola Cibrario\",\"description\":\"Chiomonte\",\"publisher\":{\"@id\":\"https:\/\/cibrarioformaggi.it\/fr\/#organization\"},\"potentialAction\":[{\"@type\":\"SearchAction\",\"target\":{\"@type\":\"EntryPoint\",\"urlTemplate\":\"https:\/\/cibrarioformaggi.it\/fr\/?s={search_term_string}\"},\"query-input\":{\"@type\":\"PropertyValueSpecification\",\"valueRequired\":true,\"valueName\":\"search_term_string\"}}],\"inLanguage\":\"fr-FR\"},{\"@type\":\"Organization\",\"@id\":\"https:\/\/cibrarioformaggi.it\/fr\/#organization\",\"name\":\"Azienda Agricola Cibrario\",\"url\":\"https:\/\/cibrarioformaggi.it\/fr\/\",\"logo\":{\"@type\":\"ImageObject\",\"inLanguage\":\"fr-FR\",\"@id\":\"https:\/\/cibrarioformaggi.it\/fr\/#\/schema\/logo\/image\/\",\"url\":\"https:\/\/cibrarioformaggi.it\/wp-content\/uploads\/2022\/07\/Logo-orizzontale@2x.png\",\"contentUrl\":\"https:\/\/cibrarioformaggi.it\/wp-content\/uploads\/2022\/07\/Logo-orizzontale@2x.png\",\"width\":1130,\"height\":380,\"caption\":\"Azienda Agricola Cibrario\"},\"image\":{\"@id\":\"https:\/\/cibrarioformaggi.it\/fr\/#\/schema\/logo\/image\/\"},\"sameAs\":[\"https:\/\/www.facebook.com\/cibrarioformaggichiomonte\",\"https:\/\/www.instagram.com\/cibrario_formaggi_chiomonte\/\"]}]}<\/script>\n<!-- \/ Yoast SEO plugin. -->","yoast_head_json":{"title":"Tomme bleue &#187; Azienda Agricola Cibrario","robots":{"index":"index","follow":"follow","max-snippet":"max-snippet:-1","max-image-preview":"max-image-preview:large","max-video-preview":"max-video-preview:-1"},"canonical":"https:\/\/cibrarioformaggi.it\/fr\/negozio\/tomme-bleue\/","og_locale":"fr_FR","og_type":"article","og_title":"Tomme bleue &#187; Azienda Agricola Cibrario","og_description":"Au go\u00fbt intense et l\u00e9g\u00e8rement \u00e9pic\u00e9, cette tomme \u00e0 p\u00e2te persill\u00e9e et \u00e0 longue maturation rappelle la tradition ancestrale des bleus pi\u00e9montais et est parfaite en association avec du miel et du vin rouge.  Le produit est conditionn\u00e9 sous vide pour en pr\u00e9server intactes les caract\u00e9ristiques.  Prix au kilo : 20,00 \u20ac.  Attention : les exp\u00e9ditions ont lieu les jeudis de chaque semaine.","og_url":"https:\/\/cibrarioformaggi.it\/fr\/negozio\/tomme-bleue\/","og_site_name":"Azienda Agricola Cibrario","article_publisher":"https:\/\/www.facebook.com\/cibrarioformaggichiomonte","article_modified_time":"2024-04-09T10:15:20+00:00","og_image":[{"width":1280,"height":1280,"url":"https:\/\/cibrarioformaggi.it\/wp-content\/uploads\/2022\/07\/01-Stagionati.jpg","type":"image\/jpeg"}],"twitter_card":"summary_large_image","schema":{"@context":"https:\/\/schema.org","@graph":[{"@type":"WebPage","@id":"https:\/\/cibrarioformaggi.it\/fr\/negozio\/tomme-bleue\/","url":"https:\/\/cibrarioformaggi.it\/fr\/negozio\/tomme-bleue\/","name":"Tomme bleue &#187; Azienda Agricola Cibrario","isPartOf":{"@id":"https:\/\/cibrarioformaggi.it\/fr\/#website"},"primaryImageOfPage":{"@id":"https:\/\/cibrarioformaggi.it\/fr\/negozio\/tomme-bleue\/#primaryimage"},"image":{"@id":"https:\/\/cibrarioformaggi.it\/fr\/negozio\/tomme-bleue\/#primaryimage"},"thumbnailUrl":"https:\/\/cibrarioformaggi.it\/wp-content\/uploads\/2022\/07\/01-Stagionati.jpg","datePublished":"2023-12-05T07:29:40+00:00","dateModified":"2024-04-09T10:15:20+00:00","breadcrumb":{"@id":"https:\/\/cibrarioformaggi.it\/fr\/negozio\/tomme-bleue\/#breadcrumb"},"inLanguage":"fr-FR","potentialAction":[{"@type":"ReadAction","target":["https:\/\/cibrarioformaggi.it\/fr\/negozio\/tomme-bleue\/"]}]},{"@type":"ImageObject","inLanguage":"fr-FR","@id":"https:\/\/cibrarioformaggi.it\/fr\/negozio\/tomme-bleue\/#primaryimage","url":"https:\/\/cibrarioformaggi.it\/wp-content\/uploads\/2022\/07\/01-Stagionati.jpg","contentUrl":"https:\/\/cibrarioformaggi.it\/wp-content\/uploads\/2022\/07\/01-Stagionati.jpg","width":1280,"height":1280,"caption":"Toma lait brusc"},{"@type":"BreadcrumbList","@id":"https:\/\/cibrarioformaggi.it\/fr\/negozio\/tomme-bleue\/#breadcrumb","itemListElement":[{"@type":"ListItem","position":1,"name":"Home","item":"https:\/\/cibrarioformaggi.it\/fr\/"},{"@type":"ListItem","position":2,"name":"Boutique","item":"https:\/\/cibrarioformaggi.it\/fr\/boutique\/"},{"@type":"ListItem","position":3,"name":"Tomme bleue"}]},{"@type":"WebSite","@id":"https:\/\/cibrarioformaggi.it\/fr\/#website","url":"https:\/\/cibrarioformaggi.it\/fr\/","name":"Azienda Agricola Cibrario","description":"Chiomonte","publisher":{"@id":"https:\/\/cibrarioformaggi.it\/fr\/#organization"},"potentialAction":[{"@type":"SearchAction","target":{"@type":"EntryPoint","urlTemplate":"https:\/\/cibrarioformaggi.it\/fr\/?s={search_term_string}"},"query-input":{"@type":"PropertyValueSpecification","valueRequired":true,"valueName":"search_term_string"}}],"inLanguage":"fr-FR"},{"@type":"Organization","@id":"https:\/\/cibrarioformaggi.it\/fr\/#organization","name":"Azienda Agricola Cibrario","url":"https:\/\/cibrarioformaggi.it\/fr\/","logo":{"@type":"ImageObject","inLanguage":"fr-FR","@id":"https:\/\/cibrarioformaggi.it\/fr\/#\/schema\/logo\/image\/","url":"https:\/\/cibrarioformaggi.it\/wp-content\/uploads\/2022\/07\/Logo-orizzontale@2x.png","contentUrl":"https:\/\/cibrarioformaggi.it\/wp-content\/uploads\/2022\/07\/Logo-orizzontale@2x.png","width":1130,"height":380,"caption":"Azienda Agricola Cibrario"},"image":{"@id":"https:\/\/cibrarioformaggi.it\/fr\/#\/schema\/logo\/image\/"},"sameAs":["https:\/\/www.facebook.com\/cibrarioformaggichiomonte","https:\/\/www.instagram.com\/cibrario_formaggi_chiomonte\/"]}]}},"_links":{"self":[{"href":"https:\/\/cibrarioformaggi.it\/fr\/wp-json\/wp\/v2\/product\/11481","targetHints":{"allow":["GET"]}}],"collection":[{"href":"https:\/\/cibrarioformaggi.it\/fr\/wp-json\/wp\/v2\/product"}],"about":[{"href":"https:\/\/cibrarioformaggi.it\/fr\/wp-json\/wp\/v2\/types\/product"}],"wp:featuredmedia":[{"embeddable":true,"href":"https:\/\/cibrarioformaggi.it\/fr\/wp-json\/wp\/v2\/media\/10266"}],"wp:attachment":[{"href":"https:\/\/cibrarioformaggi.it\/fr\/wp-json\/wp\/v2\/media?parent=11481"}],"wp:term":[{"taxonomy":"product_brand","embeddable":true,"href":"https:\/\/cibrarioformaggi.it\/fr\/wp-json\/wp\/v2\/product_brand?post=11481"},{"taxonomy":"product_cat","embeddable":true,"href":"https:\/\/cibrarioformaggi.it\/fr\/wp-json\/wp\/v2\/product_cat?post=11481"},{"taxonomy":"product_tag","embeddable":true,"href":"https:\/\/cibrarioformaggi.it\/fr\/wp-json\/wp\/v2\/product_tag?post=11481"}],"curies":[{"name":"wp","href":"https:\/\/api.w.org\/{rel}","templated":true}]}}