{"id":11477,"date":"2023-12-05T10:02:04","date_gmt":"2023-12-05T09:02:04","guid":{"rendered":"https:\/\/cibrarioformaggi.it\/negozio\/selection-de-degustation\/"},"modified":"2024-04-09T12:59:32","modified_gmt":"2024-04-09T10:59:32","slug":"selection-de-degustation","status":"publish","type":"product","link":"https:\/\/cibrarioformaggi.it\/fr\/negozio\/selection-de-degustation\/","title":{"rendered":"S\u00e9lection de d\u00e9gustation"},"content":{"rendered":"\t\t<div data-elementor-type=\"wp-post\" data-elementor-id=\"11477\" class=\"elementor elementor-11477 elementor-10754\">\n\t\t\t\t\t\t<section class=\"wd-negative-gap elementor-section elementor-top-section elementor-element elementor-element-4afae9fb elementor-section-boxed elementor-section-height-default elementor-section-height-default\" data-id=\"4afae9fb\" data-element_type=\"section\">\n\t\t\t\t\t\t<div class=\"elementor-container elementor-column-gap-default\">\n\t\t\t\t\t<div class=\"elementor-column elementor-col-100 elementor-top-column elementor-element elementor-element-10e6ba9a\" data-id=\"10e6ba9a\" data-element_type=\"column\">\n\t\t\t<div class=\"elementor-widget-wrap elementor-element-populated\">\n\t\t\t\t\t\t<div class=\"elementor-element elementor-element-4db4883c color-scheme-inherit text-left elementor-widget elementor-widget-text-editor\" data-id=\"4db4883c\" data-element_type=\"widget\" data-widget_type=\"text-editor.default\">\n\t\t\t\t<div class=\"elementor-widget-container\">\n\t\t\t\t\t\t\t\t\t<table width=\"210\">\n<tbody>\n<tr>\n<td colspan=\"2\" width=\"210\"><strong>Substances pr\u00e9sentes dans 100 g de produit<\/strong><\/td>\n<\/tr>\n<tr>\n<td> <\/td>\n<td> <\/td>\n<\/tr>\n<tr>\n<td>Valeur \u00e9nerg\u00e9tique<\/td>\n<td>1 524 kj &#8211; 367 kcal<\/td>\n<\/tr>\n<tr>\n<td>Mati\u00e8res grasses totales<\/td>\n<td>30 g<\/td>\n<\/tr>\n<tr>\n<td>dont acides gras satur\u00e9s<\/td>\n<td>21 g<\/td>\n<\/tr>\n<tr>\n<td>Glucides<\/td>\n<td>1 g<\/td>\n<\/tr>\n<tr>\n<td>dont sucres<\/td>\n<td>1 g<\/td>\n<\/tr>\n<tr>\n<td>Prot\u00e9ines<\/td>\n<td>24 g<\/td>\n<\/tr>\n<tr>\n<td>Sel<\/td>\n<td>1 g<\/td>\n<\/tr>\n<\/tbody>\n<\/table>\n<p><strong>Ingr\u00e9dients<br \/><\/strong>lait, sel, pr\u00e9sure, ferments lactiques, herbes<strong><br \/><\/strong><\/p>\n<p><strong>Allerg\u00e8nes<br \/><\/strong>lait et produits laitiers, herbes<\/p>\n<p><strong>Conditions et m\u00e9thodes de stockage<br \/><\/strong>entre 0 et 4 degr\u00e9s centigrades<\/p>\n<p><strong> <\/strong><\/p>\n\t\t\t\t\t\t\t\t<\/div>\n\t\t\t\t<\/div>\n\t\t\t\t\t<\/div>\n\t\t<\/div>\n\t\t\t\t\t<\/div>\n\t\t<\/section>\n\t\t\t\t<\/div>\n\t\t","protected":false},"excerpt":{"rendered":"<p>Une s\u00e9lection de nos meilleures tommes d&#8217;alpage :<\/p>\n<p>\u00b7 Tomme fra\u00eeche.<br \/>\n\u00b7 Tomme aux herbes.<br \/>\n\u00b7 Tomme au piment.<br \/>\n\u00b7 Tomme bleue. Un format avantageux qui permet de ramener chez soi une d\u00e9gustation des tommes les plus savoureuses. Toutes sont conditionn\u00e9es sous vide en format de demi-kilo, pour un total de 2 kg de produit.<\/p>\n<p>Prix total : 30,5 \u20ac (15,25 \u20ac le kilo)<\/p>\n<p>Attention : les exp\u00e9ditions ont lieu les jeudis de chaque semaine.<\/p>\n","protected":false},"featured_media":10765,"template":"","meta":[],"product_brand":[],"product_cat":[156],"product_tag":[],"class_list":{"0":"post-11477","1":"product","2":"type-product","3":"status-publish","4":"has-post-thumbnail","6":"product_cat-fromage-dalpage","8":"first","9":"instock","10":"shipping-taxable","11":"purchasable","12":"product-type-simple"},"yoast_head":"<!-- This site is optimized with the Yoast SEO plugin v26.9 - https:\/\/yoast.com\/product\/yoast-seo-wordpress\/ -->\n<title>S\u00e9lection de d\u00e9gustation &#187; Azienda Agricola Cibrario<\/title>\n<meta name=\"robots\" content=\"index, follow, max-snippet:-1, max-image-preview:large, max-video-preview:-1\" \/>\n<link rel=\"canonical\" href=\"https:\/\/cibrarioformaggi.it\/fr\/negozio\/selection-de-degustation\/\" \/>\n<meta property=\"og:locale\" content=\"fr_FR\" \/>\n<meta property=\"og:type\" content=\"article\" \/>\n<meta property=\"og:title\" content=\"S\u00e9lection de d\u00e9gustation &#187; Azienda Agricola Cibrario\" \/>\n<meta property=\"og:description\" content=\"Une s\u00e9lection de nos meilleures tommes d&#039;alpage :  \u00b7 Tomme fra\u00eeche. \u00b7 Tomme aux herbes. \u00b7 Tomme au piment. \u00b7 Tomme bleue. Un format avantageux qui permet de ramener chez soi une d\u00e9gustation des tommes les plus savoureuses. Toutes sont conditionn\u00e9es sous vide en format de demi-kilo, pour un total de 2 kg de produit.  Prix total : 30,5 \u20ac (15,25 \u20ac le kilo)  Attention : les exp\u00e9ditions ont lieu les jeudis de chaque semaine.\" \/>\n<meta property=\"og:url\" content=\"https:\/\/cibrarioformaggi.it\/fr\/negozio\/selection-de-degustation\/\" \/>\n<meta property=\"og:site_name\" content=\"Azienda Agricola Cibrario\" \/>\n<meta property=\"article:publisher\" content=\"https:\/\/www.facebook.com\/cibrarioformaggichiomonte\" \/>\n<meta property=\"article:modified_time\" content=\"2024-04-09T10:59:32+00:00\" \/>\n<meta property=\"og:image\" content=\"https:\/\/cibrarioformaggi.it\/wp-content\/uploads\/2023\/12\/Selezione-degustazione.jpg\" \/>\n\t<meta property=\"og:image:width\" content=\"1280\" \/>\n\t<meta property=\"og:image:height\" content=\"1280\" \/>\n\t<meta property=\"og:image:type\" content=\"image\/jpeg\" \/>\n<meta name=\"twitter:card\" content=\"summary_large_image\" \/>\n<script type=\"application\/ld+json\" class=\"yoast-schema-graph\">{\"@context\":\"https:\/\/schema.org\",\"@graph\":[{\"@type\":\"WebPage\",\"@id\":\"https:\/\/cibrarioformaggi.it\/fr\/negozio\/selection-de-degustation\/\",\"url\":\"https:\/\/cibrarioformaggi.it\/fr\/negozio\/selection-de-degustation\/\",\"name\":\"S\u00e9lection de d\u00e9gustation &#187; Azienda Agricola Cibrario\",\"isPartOf\":{\"@id\":\"https:\/\/cibrarioformaggi.it\/fr\/#website\"},\"primaryImageOfPage\":{\"@id\":\"https:\/\/cibrarioformaggi.it\/fr\/negozio\/selection-de-degustation\/#primaryimage\"},\"image\":{\"@id\":\"https:\/\/cibrarioformaggi.it\/fr\/negozio\/selection-de-degustation\/#primaryimage\"},\"thumbnailUrl\":\"https:\/\/cibrarioformaggi.it\/wp-content\/uploads\/2023\/12\/Selezione-degustazione.jpg\",\"datePublished\":\"2023-12-05T09:02:04+00:00\",\"dateModified\":\"2024-04-09T10:59:32+00:00\",\"breadcrumb\":{\"@id\":\"https:\/\/cibrarioformaggi.it\/fr\/negozio\/selection-de-degustation\/#breadcrumb\"},\"inLanguage\":\"fr-FR\",\"potentialAction\":[{\"@type\":\"ReadAction\",\"target\":[\"https:\/\/cibrarioformaggi.it\/fr\/negozio\/selection-de-degustation\/\"]}]},{\"@type\":\"ImageObject\",\"inLanguage\":\"fr-FR\",\"@id\":\"https:\/\/cibrarioformaggi.it\/fr\/negozio\/selection-de-degustation\/#primaryimage\",\"url\":\"https:\/\/cibrarioformaggi.it\/wp-content\/uploads\/2023\/12\/Selezione-degustazione.jpg\",\"contentUrl\":\"https:\/\/cibrarioformaggi.it\/wp-content\/uploads\/2023\/12\/Selezione-degustazione.jpg\",\"width\":1280,\"height\":1280},{\"@type\":\"BreadcrumbList\",\"@id\":\"https:\/\/cibrarioformaggi.it\/fr\/negozio\/selection-de-degustation\/#breadcrumb\",\"itemListElement\":[{\"@type\":\"ListItem\",\"position\":1,\"name\":\"Home\",\"item\":\"https:\/\/cibrarioformaggi.it\/fr\/\"},{\"@type\":\"ListItem\",\"position\":2,\"name\":\"Boutique\",\"item\":\"https:\/\/cibrarioformaggi.it\/fr\/boutique\/\"},{\"@type\":\"ListItem\",\"position\":3,\"name\":\"S\u00e9lection de d\u00e9gustation\"}]},{\"@type\":\"WebSite\",\"@id\":\"https:\/\/cibrarioformaggi.it\/fr\/#website\",\"url\":\"https:\/\/cibrarioformaggi.it\/fr\/\",\"name\":\"Azienda Agricola Cibrario\",\"description\":\"Chiomonte\",\"publisher\":{\"@id\":\"https:\/\/cibrarioformaggi.it\/fr\/#organization\"},\"potentialAction\":[{\"@type\":\"SearchAction\",\"target\":{\"@type\":\"EntryPoint\",\"urlTemplate\":\"https:\/\/cibrarioformaggi.it\/fr\/?s={search_term_string}\"},\"query-input\":{\"@type\":\"PropertyValueSpecification\",\"valueRequired\":true,\"valueName\":\"search_term_string\"}}],\"inLanguage\":\"fr-FR\"},{\"@type\":\"Organization\",\"@id\":\"https:\/\/cibrarioformaggi.it\/fr\/#organization\",\"name\":\"Azienda Agricola Cibrario\",\"url\":\"https:\/\/cibrarioformaggi.it\/fr\/\",\"logo\":{\"@type\":\"ImageObject\",\"inLanguage\":\"fr-FR\",\"@id\":\"https:\/\/cibrarioformaggi.it\/fr\/#\/schema\/logo\/image\/\",\"url\":\"https:\/\/cibrarioformaggi.it\/wp-content\/uploads\/2022\/07\/Logo-orizzontale@2x.png\",\"contentUrl\":\"https:\/\/cibrarioformaggi.it\/wp-content\/uploads\/2022\/07\/Logo-orizzontale@2x.png\",\"width\":1130,\"height\":380,\"caption\":\"Azienda Agricola Cibrario\"},\"image\":{\"@id\":\"https:\/\/cibrarioformaggi.it\/fr\/#\/schema\/logo\/image\/\"},\"sameAs\":[\"https:\/\/www.facebook.com\/cibrarioformaggichiomonte\",\"https:\/\/www.instagram.com\/cibrario_formaggi_chiomonte\/\"]}]}<\/script>\n<!-- \/ Yoast SEO plugin. -->","yoast_head_json":{"title":"S\u00e9lection de d\u00e9gustation &#187; Azienda Agricola Cibrario","robots":{"index":"index","follow":"follow","max-snippet":"max-snippet:-1","max-image-preview":"max-image-preview:large","max-video-preview":"max-video-preview:-1"},"canonical":"https:\/\/cibrarioformaggi.it\/fr\/negozio\/selection-de-degustation\/","og_locale":"fr_FR","og_type":"article","og_title":"S\u00e9lection de d\u00e9gustation &#187; Azienda Agricola Cibrario","og_description":"Une s\u00e9lection de nos meilleures tommes d'alpage :  \u00b7 Tomme fra\u00eeche. \u00b7 Tomme aux herbes. \u00b7 Tomme au piment. \u00b7 Tomme bleue. Un format avantageux qui permet de ramener chez soi une d\u00e9gustation des tommes les plus savoureuses. Toutes sont conditionn\u00e9es sous vide en format de demi-kilo, pour un total de 2 kg de produit.  Prix total : 30,5 \u20ac (15,25 \u20ac le kilo)  Attention : les exp\u00e9ditions ont lieu les jeudis de chaque semaine.","og_url":"https:\/\/cibrarioformaggi.it\/fr\/negozio\/selection-de-degustation\/","og_site_name":"Azienda Agricola Cibrario","article_publisher":"https:\/\/www.facebook.com\/cibrarioformaggichiomonte","article_modified_time":"2024-04-09T10:59:32+00:00","og_image":[{"width":1280,"height":1280,"url":"https:\/\/cibrarioformaggi.it\/wp-content\/uploads\/2023\/12\/Selezione-degustazione.jpg","type":"image\/jpeg"}],"twitter_card":"summary_large_image","schema":{"@context":"https:\/\/schema.org","@graph":[{"@type":"WebPage","@id":"https:\/\/cibrarioformaggi.it\/fr\/negozio\/selection-de-degustation\/","url":"https:\/\/cibrarioformaggi.it\/fr\/negozio\/selection-de-degustation\/","name":"S\u00e9lection de d\u00e9gustation &#187; Azienda Agricola Cibrario","isPartOf":{"@id":"https:\/\/cibrarioformaggi.it\/fr\/#website"},"primaryImageOfPage":{"@id":"https:\/\/cibrarioformaggi.it\/fr\/negozio\/selection-de-degustation\/#primaryimage"},"image":{"@id":"https:\/\/cibrarioformaggi.it\/fr\/negozio\/selection-de-degustation\/#primaryimage"},"thumbnailUrl":"https:\/\/cibrarioformaggi.it\/wp-content\/uploads\/2023\/12\/Selezione-degustazione.jpg","datePublished":"2023-12-05T09:02:04+00:00","dateModified":"2024-04-09T10:59:32+00:00","breadcrumb":{"@id":"https:\/\/cibrarioformaggi.it\/fr\/negozio\/selection-de-degustation\/#breadcrumb"},"inLanguage":"fr-FR","potentialAction":[{"@type":"ReadAction","target":["https:\/\/cibrarioformaggi.it\/fr\/negozio\/selection-de-degustation\/"]}]},{"@type":"ImageObject","inLanguage":"fr-FR","@id":"https:\/\/cibrarioformaggi.it\/fr\/negozio\/selection-de-degustation\/#primaryimage","url":"https:\/\/cibrarioformaggi.it\/wp-content\/uploads\/2023\/12\/Selezione-degustazione.jpg","contentUrl":"https:\/\/cibrarioformaggi.it\/wp-content\/uploads\/2023\/12\/Selezione-degustazione.jpg","width":1280,"height":1280},{"@type":"BreadcrumbList","@id":"https:\/\/cibrarioformaggi.it\/fr\/negozio\/selection-de-degustation\/#breadcrumb","itemListElement":[{"@type":"ListItem","position":1,"name":"Home","item":"https:\/\/cibrarioformaggi.it\/fr\/"},{"@type":"ListItem","position":2,"name":"Boutique","item":"https:\/\/cibrarioformaggi.it\/fr\/boutique\/"},{"@type":"ListItem","position":3,"name":"S\u00e9lection de d\u00e9gustation"}]},{"@type":"WebSite","@id":"https:\/\/cibrarioformaggi.it\/fr\/#website","url":"https:\/\/cibrarioformaggi.it\/fr\/","name":"Azienda Agricola Cibrario","description":"Chiomonte","publisher":{"@id":"https:\/\/cibrarioformaggi.it\/fr\/#organization"},"potentialAction":[{"@type":"SearchAction","target":{"@type":"EntryPoint","urlTemplate":"https:\/\/cibrarioformaggi.it\/fr\/?s={search_term_string}"},"query-input":{"@type":"PropertyValueSpecification","valueRequired":true,"valueName":"search_term_string"}}],"inLanguage":"fr-FR"},{"@type":"Organization","@id":"https:\/\/cibrarioformaggi.it\/fr\/#organization","name":"Azienda Agricola Cibrario","url":"https:\/\/cibrarioformaggi.it\/fr\/","logo":{"@type":"ImageObject","inLanguage":"fr-FR","@id":"https:\/\/cibrarioformaggi.it\/fr\/#\/schema\/logo\/image\/","url":"https:\/\/cibrarioformaggi.it\/wp-content\/uploads\/2022\/07\/Logo-orizzontale@2x.png","contentUrl":"https:\/\/cibrarioformaggi.it\/wp-content\/uploads\/2022\/07\/Logo-orizzontale@2x.png","width":1130,"height":380,"caption":"Azienda Agricola Cibrario"},"image":{"@id":"https:\/\/cibrarioformaggi.it\/fr\/#\/schema\/logo\/image\/"},"sameAs":["https:\/\/www.facebook.com\/cibrarioformaggichiomonte","https:\/\/www.instagram.com\/cibrario_formaggi_chiomonte\/"]}]}},"_links":{"self":[{"href":"https:\/\/cibrarioformaggi.it\/fr\/wp-json\/wp\/v2\/product\/11477","targetHints":{"allow":["GET"]}}],"collection":[{"href":"https:\/\/cibrarioformaggi.it\/fr\/wp-json\/wp\/v2\/product"}],"about":[{"href":"https:\/\/cibrarioformaggi.it\/fr\/wp-json\/wp\/v2\/types\/product"}],"wp:featuredmedia":[{"embeddable":true,"href":"https:\/\/cibrarioformaggi.it\/fr\/wp-json\/wp\/v2\/media\/10765"}],"wp:attachment":[{"href":"https:\/\/cibrarioformaggi.it\/fr\/wp-json\/wp\/v2\/media?parent=11477"}],"wp:term":[{"taxonomy":"product_brand","embeddable":true,"href":"https:\/\/cibrarioformaggi.it\/fr\/wp-json\/wp\/v2\/product_brand?post=11477"},{"taxonomy":"product_cat","embeddable":true,"href":"https:\/\/cibrarioformaggi.it\/fr\/wp-json\/wp\/v2\/product_cat?post=11477"},{"taxonomy":"product_tag","embeddable":true,"href":"https:\/\/cibrarioformaggi.it\/fr\/wp-json\/wp\/v2\/product_tag?post=11477"}],"curies":[{"name":"wp","href":"https:\/\/api.w.org\/{rel}","templated":true}]}}