{"id":11472,"date":"2022-07-14T13:31:39","date_gmt":"2022-07-14T13:31:39","guid":{"rendered":"https:\/\/cibrarioformaggi.it\/negozio\/fromage-de-tomate-affine\/"},"modified":"2024-04-09T12:13:47","modified_gmt":"2024-04-09T10:13:47","slug":"tomme-affinee","status":"publish","type":"product","link":"https:\/\/cibrarioformaggi.it\/fr\/negozio\/tomme-affinee\/","title":{"rendered":"Tomme Affin\u00e9e"},"content":{"rendered":"<p>&nbsp;<\/p>\n<table width=\"128\">\n<tbody>\n<tr>\n<td colspan=\"2\" width=\"128\"><strong>Substances pr\u00e9sentes dans 100 g de produit<\/strong><\/td>\n<\/tr>\n<tr>\n<td><\/td>\n<td><\/td>\n<\/tr>\n<tr>\n<td>Valeur \u00e9nerg\u00e9tique<\/td>\n<td>1524 kj &#8211; 367 kcal<\/td>\n<\/tr>\n<tr>\n<td>Graisses totales<\/td>\n<td>30 g<\/td>\n<\/tr>\n<tr>\n<td>dont acides gras satur\u00e9s<\/td>\n<td>21 g<\/td>\n<\/tr>\n<tr>\n<td>Glucides<\/td>\n<td>&lt;1 g<\/td>\n<\/tr>\n<tr>\n<td>dont sucres<\/td>\n<td>&lt;1 g<\/td>\n<\/tr>\n<tr>\n<td>Fibres<\/td>\n<td><\/td>\n<\/tr>\n<tr>\n<td>Prot\u00e9ines<\/td>\n<td>24 g<\/td>\n<\/tr>\n<tr>\n<td>Salles<\/td>\n<td>1 g<\/td>\n<\/tr>\n<tr>\n<td>Football<\/td>\n<td><\/td>\n<\/tr>\n<tr>\n<td><\/td>\n<td><\/td>\n<\/tr>\n<tr>\n<td colspan=\"2\">*Valeurs nutritionnelles de r\u00e9f\u00e9rence<\/td>\n<\/tr>\n<\/tbody>\n<\/table>\n<p><strong>Ingr\u00e9dients<br \/>\n<\/strong>lait, sel, pr\u00e9sure, ferments lactiques<strong><br \/>\n<\/strong><\/p>\n<p><strong>Allerg\u00e8nes<br \/>\n<\/strong>lait et produits laitiers<\/p>\n<p><strong>Conditions et m\u00e9thodes de stockage<br \/>\n<\/strong>entre 0 et 4 degr\u00e9s centigrades<\/p>\n","protected":false},"excerpt":{"rendered":"<p>Aux ar\u00f4mes et parfums du lait d&#8217;alpage s&#8217;ajoute le go\u00fbt d\u00e9cisif et intense de l&#8217;affinage, qui se prolonge jusqu&#8217;\u00e0 un maximum de huit mois. La tomme id\u00e9ale en fin de repas, \u00e0 accompagner de miel et d&#8217;un bon verre de rouge.<\/p>\n<p>Le produit est conditionn\u00e9 sous vide pour en pr\u00e9server intactes les caract\u00e9ristiques.<\/p>\n<p>Prix au kilo : 17,00 \u20ac<\/p>\n<p>Attention : les exp\u00e9ditions ont lieu les jeudis de chaque semaine.<\/p>\n<p>&nbsp;<\/p>\n<p>&nbsp;<\/p>\n<p>&nbsp;<\/p>\n","protected":false},"featured_media":10262,"template":"","meta":[],"product_brand":[],"product_cat":[156],"product_tag":[],"class_list":{"0":"post-11472","1":"product","2":"type-product","3":"status-publish","4":"has-post-thumbnail","6":"product_cat-fromage-dalpage","8":"first","9":"instock","10":"shipping-taxable","11":"purchasable","12":"product-type-variable"},"yoast_head":"<!-- This site is optimized with the Yoast SEO plugin v26.9 - https:\/\/yoast.com\/product\/yoast-seo-wordpress\/ -->\n<title>Tomme Affin\u00e9e &#187; Azienda Agricola Cibrario<\/title>\n<meta name=\"robots\" content=\"index, follow, max-snippet:-1, max-image-preview:large, max-video-preview:-1\" \/>\n<link rel=\"canonical\" href=\"https:\/\/cibrarioformaggi.it\/fr\/negozio\/tomme-affinee\/\" \/>\n<meta property=\"og:locale\" content=\"fr_FR\" \/>\n<meta property=\"og:type\" content=\"article\" \/>\n<meta property=\"og:title\" content=\"Tomme Affin\u00e9e &#187; Azienda Agricola Cibrario\" \/>\n<meta property=\"og:description\" content=\"Aux ar\u00f4mes et parfums du lait d&#039;alpage s&#039;ajoute le go\u00fbt d\u00e9cisif et intense de l&#039;affinage, qui se prolonge jusqu&#039;\u00e0 un maximum de huit mois. La tomme id\u00e9ale en fin de repas, \u00e0 accompagner de miel et d&#039;un bon verre de rouge.  Le produit est conditionn\u00e9 sous vide pour en pr\u00e9server intactes les caract\u00e9ristiques.  Prix au kilo : 17,00 \u20ac  Attention : les exp\u00e9ditions ont lieu les jeudis de chaque semaine.  &nbsp;  &nbsp;  &nbsp;\" \/>\n<meta property=\"og:url\" content=\"https:\/\/cibrarioformaggi.it\/fr\/negozio\/tomme-affinee\/\" \/>\n<meta property=\"og:site_name\" content=\"Azienda Agricola Cibrario\" \/>\n<meta property=\"article:publisher\" content=\"https:\/\/www.facebook.com\/cibrarioformaggichiomonte\" \/>\n<meta property=\"article:modified_time\" content=\"2024-04-09T10:13:47+00:00\" \/>\n<meta property=\"og:image\" content=\"https:\/\/cibrarioformaggi.it\/wp-content\/uploads\/2022\/07\/04-Stagionati.jpg\" \/>\n\t<meta property=\"og:image:width\" content=\"1280\" \/>\n\t<meta property=\"og:image:height\" content=\"1280\" \/>\n\t<meta property=\"og:image:type\" content=\"image\/jpeg\" \/>\n<meta name=\"twitter:card\" content=\"summary_large_image\" \/>\n<script type=\"application\/ld+json\" class=\"yoast-schema-graph\">{\"@context\":\"https:\/\/schema.org\",\"@graph\":[{\"@type\":\"WebPage\",\"@id\":\"https:\/\/cibrarioformaggi.it\/fr\/negozio\/tomme-affinee\/\",\"url\":\"https:\/\/cibrarioformaggi.it\/fr\/negozio\/tomme-affinee\/\",\"name\":\"Tomme Affin\u00e9e &#187; Azienda Agricola Cibrario\",\"isPartOf\":{\"@id\":\"https:\/\/cibrarioformaggi.it\/fr\/#website\"},\"primaryImageOfPage\":{\"@id\":\"https:\/\/cibrarioformaggi.it\/fr\/negozio\/tomme-affinee\/#primaryimage\"},\"image\":{\"@id\":\"https:\/\/cibrarioformaggi.it\/fr\/negozio\/tomme-affinee\/#primaryimage\"},\"thumbnailUrl\":\"https:\/\/cibrarioformaggi.it\/wp-content\/uploads\/2022\/07\/04-Stagionati.jpg\",\"datePublished\":\"2022-07-14T13:31:39+00:00\",\"dateModified\":\"2024-04-09T10:13:47+00:00\",\"breadcrumb\":{\"@id\":\"https:\/\/cibrarioformaggi.it\/fr\/negozio\/tomme-affinee\/#breadcrumb\"},\"inLanguage\":\"fr-FR\",\"potentialAction\":[{\"@type\":\"ReadAction\",\"target\":[\"https:\/\/cibrarioformaggi.it\/fr\/negozio\/tomme-affinee\/\"]}]},{\"@type\":\"ImageObject\",\"inLanguage\":\"fr-FR\",\"@id\":\"https:\/\/cibrarioformaggi.it\/fr\/negozio\/tomme-affinee\/#primaryimage\",\"url\":\"https:\/\/cibrarioformaggi.it\/wp-content\/uploads\/2022\/07\/04-Stagionati.jpg\",\"contentUrl\":\"https:\/\/cibrarioformaggi.it\/wp-content\/uploads\/2022\/07\/04-Stagionati.jpg\",\"width\":1280,\"height\":1280,\"caption\":\"Toma Fresca e Stagionata\"},{\"@type\":\"BreadcrumbList\",\"@id\":\"https:\/\/cibrarioformaggi.it\/fr\/negozio\/tomme-affinee\/#breadcrumb\",\"itemListElement\":[{\"@type\":\"ListItem\",\"position\":1,\"name\":\"Home\",\"item\":\"https:\/\/cibrarioformaggi.it\/fr\/\"},{\"@type\":\"ListItem\",\"position\":2,\"name\":\"Boutique\",\"item\":\"https:\/\/cibrarioformaggi.it\/fr\/boutique\/\"},{\"@type\":\"ListItem\",\"position\":3,\"name\":\"Tomme Affin\u00e9e\"}]},{\"@type\":\"WebSite\",\"@id\":\"https:\/\/cibrarioformaggi.it\/fr\/#website\",\"url\":\"https:\/\/cibrarioformaggi.it\/fr\/\",\"name\":\"Azienda Agricola Cibrario\",\"description\":\"Chiomonte\",\"publisher\":{\"@id\":\"https:\/\/cibrarioformaggi.it\/fr\/#organization\"},\"potentialAction\":[{\"@type\":\"SearchAction\",\"target\":{\"@type\":\"EntryPoint\",\"urlTemplate\":\"https:\/\/cibrarioformaggi.it\/fr\/?s={search_term_string}\"},\"query-input\":{\"@type\":\"PropertyValueSpecification\",\"valueRequired\":true,\"valueName\":\"search_term_string\"}}],\"inLanguage\":\"fr-FR\"},{\"@type\":\"Organization\",\"@id\":\"https:\/\/cibrarioformaggi.it\/fr\/#organization\",\"name\":\"Azienda Agricola Cibrario\",\"url\":\"https:\/\/cibrarioformaggi.it\/fr\/\",\"logo\":{\"@type\":\"ImageObject\",\"inLanguage\":\"fr-FR\",\"@id\":\"https:\/\/cibrarioformaggi.it\/fr\/#\/schema\/logo\/image\/\",\"url\":\"https:\/\/cibrarioformaggi.it\/wp-content\/uploads\/2022\/07\/Logo-orizzontale@2x.png\",\"contentUrl\":\"https:\/\/cibrarioformaggi.it\/wp-content\/uploads\/2022\/07\/Logo-orizzontale@2x.png\",\"width\":1130,\"height\":380,\"caption\":\"Azienda Agricola Cibrario\"},\"image\":{\"@id\":\"https:\/\/cibrarioformaggi.it\/fr\/#\/schema\/logo\/image\/\"},\"sameAs\":[\"https:\/\/www.facebook.com\/cibrarioformaggichiomonte\",\"https:\/\/www.instagram.com\/cibrario_formaggi_chiomonte\/\"]}]}<\/script>\n<!-- \/ Yoast SEO plugin. -->","yoast_head_json":{"title":"Tomme Affin\u00e9e &#187; Azienda Agricola Cibrario","robots":{"index":"index","follow":"follow","max-snippet":"max-snippet:-1","max-image-preview":"max-image-preview:large","max-video-preview":"max-video-preview:-1"},"canonical":"https:\/\/cibrarioformaggi.it\/fr\/negozio\/tomme-affinee\/","og_locale":"fr_FR","og_type":"article","og_title":"Tomme Affin\u00e9e &#187; Azienda Agricola Cibrario","og_description":"Aux ar\u00f4mes et parfums du lait d'alpage s'ajoute le go\u00fbt d\u00e9cisif et intense de l'affinage, qui se prolonge jusqu'\u00e0 un maximum de huit mois. La tomme id\u00e9ale en fin de repas, \u00e0 accompagner de miel et d'un bon verre de rouge.  Le produit est conditionn\u00e9 sous vide pour en pr\u00e9server intactes les caract\u00e9ristiques.  Prix au kilo : 17,00 \u20ac  Attention : les exp\u00e9ditions ont lieu les jeudis de chaque semaine.  &nbsp;  &nbsp;  &nbsp;","og_url":"https:\/\/cibrarioformaggi.it\/fr\/negozio\/tomme-affinee\/","og_site_name":"Azienda Agricola Cibrario","article_publisher":"https:\/\/www.facebook.com\/cibrarioformaggichiomonte","article_modified_time":"2024-04-09T10:13:47+00:00","og_image":[{"width":1280,"height":1280,"url":"https:\/\/cibrarioformaggi.it\/wp-content\/uploads\/2022\/07\/04-Stagionati.jpg","type":"image\/jpeg"}],"twitter_card":"summary_large_image","schema":{"@context":"https:\/\/schema.org","@graph":[{"@type":"WebPage","@id":"https:\/\/cibrarioformaggi.it\/fr\/negozio\/tomme-affinee\/","url":"https:\/\/cibrarioformaggi.it\/fr\/negozio\/tomme-affinee\/","name":"Tomme Affin\u00e9e &#187; Azienda Agricola Cibrario","isPartOf":{"@id":"https:\/\/cibrarioformaggi.it\/fr\/#website"},"primaryImageOfPage":{"@id":"https:\/\/cibrarioformaggi.it\/fr\/negozio\/tomme-affinee\/#primaryimage"},"image":{"@id":"https:\/\/cibrarioformaggi.it\/fr\/negozio\/tomme-affinee\/#primaryimage"},"thumbnailUrl":"https:\/\/cibrarioformaggi.it\/wp-content\/uploads\/2022\/07\/04-Stagionati.jpg","datePublished":"2022-07-14T13:31:39+00:00","dateModified":"2024-04-09T10:13:47+00:00","breadcrumb":{"@id":"https:\/\/cibrarioformaggi.it\/fr\/negozio\/tomme-affinee\/#breadcrumb"},"inLanguage":"fr-FR","potentialAction":[{"@type":"ReadAction","target":["https:\/\/cibrarioformaggi.it\/fr\/negozio\/tomme-affinee\/"]}]},{"@type":"ImageObject","inLanguage":"fr-FR","@id":"https:\/\/cibrarioformaggi.it\/fr\/negozio\/tomme-affinee\/#primaryimage","url":"https:\/\/cibrarioformaggi.it\/wp-content\/uploads\/2022\/07\/04-Stagionati.jpg","contentUrl":"https:\/\/cibrarioformaggi.it\/wp-content\/uploads\/2022\/07\/04-Stagionati.jpg","width":1280,"height":1280,"caption":"Toma Fresca e Stagionata"},{"@type":"BreadcrumbList","@id":"https:\/\/cibrarioformaggi.it\/fr\/negozio\/tomme-affinee\/#breadcrumb","itemListElement":[{"@type":"ListItem","position":1,"name":"Home","item":"https:\/\/cibrarioformaggi.it\/fr\/"},{"@type":"ListItem","position":2,"name":"Boutique","item":"https:\/\/cibrarioformaggi.it\/fr\/boutique\/"},{"@type":"ListItem","position":3,"name":"Tomme Affin\u00e9e"}]},{"@type":"WebSite","@id":"https:\/\/cibrarioformaggi.it\/fr\/#website","url":"https:\/\/cibrarioformaggi.it\/fr\/","name":"Azienda Agricola Cibrario","description":"Chiomonte","publisher":{"@id":"https:\/\/cibrarioformaggi.it\/fr\/#organization"},"potentialAction":[{"@type":"SearchAction","target":{"@type":"EntryPoint","urlTemplate":"https:\/\/cibrarioformaggi.it\/fr\/?s={search_term_string}"},"query-input":{"@type":"PropertyValueSpecification","valueRequired":true,"valueName":"search_term_string"}}],"inLanguage":"fr-FR"},{"@type":"Organization","@id":"https:\/\/cibrarioformaggi.it\/fr\/#organization","name":"Azienda Agricola Cibrario","url":"https:\/\/cibrarioformaggi.it\/fr\/","logo":{"@type":"ImageObject","inLanguage":"fr-FR","@id":"https:\/\/cibrarioformaggi.it\/fr\/#\/schema\/logo\/image\/","url":"https:\/\/cibrarioformaggi.it\/wp-content\/uploads\/2022\/07\/Logo-orizzontale@2x.png","contentUrl":"https:\/\/cibrarioformaggi.it\/wp-content\/uploads\/2022\/07\/Logo-orizzontale@2x.png","width":1130,"height":380,"caption":"Azienda Agricola Cibrario"},"image":{"@id":"https:\/\/cibrarioformaggi.it\/fr\/#\/schema\/logo\/image\/"},"sameAs":["https:\/\/www.facebook.com\/cibrarioformaggichiomonte","https:\/\/www.instagram.com\/cibrario_formaggi_chiomonte\/"]}]}},"_links":{"self":[{"href":"https:\/\/cibrarioformaggi.it\/fr\/wp-json\/wp\/v2\/product\/11472","targetHints":{"allow":["GET"]}}],"collection":[{"href":"https:\/\/cibrarioformaggi.it\/fr\/wp-json\/wp\/v2\/product"}],"about":[{"href":"https:\/\/cibrarioformaggi.it\/fr\/wp-json\/wp\/v2\/types\/product"}],"wp:featuredmedia":[{"embeddable":true,"href":"https:\/\/cibrarioformaggi.it\/fr\/wp-json\/wp\/v2\/media\/10262"}],"wp:attachment":[{"href":"https:\/\/cibrarioformaggi.it\/fr\/wp-json\/wp\/v2\/media?parent=11472"}],"wp:term":[{"taxonomy":"product_brand","embeddable":true,"href":"https:\/\/cibrarioformaggi.it\/fr\/wp-json\/wp\/v2\/product_brand?post=11472"},{"taxonomy":"product_cat","embeddable":true,"href":"https:\/\/cibrarioformaggi.it\/fr\/wp-json\/wp\/v2\/product_cat?post=11472"},{"taxonomy":"product_tag","embeddable":true,"href":"https:\/\/cibrarioformaggi.it\/fr\/wp-json\/wp\/v2\/product_tag?post=11472"}],"curies":[{"name":"wp","href":"https:\/\/api.w.org\/{rel}","templated":true}]}}