{"id":11467,"date":"2022-07-14T13:30:18","date_gmt":"2022-07-14T11:30:18","guid":{"rendered":"https:\/\/cibrarioformaggi.it\/negozio\/tomates-fraiches\/"},"modified":"2024-04-09T12:14:37","modified_gmt":"2024-04-09T10:14:37","slug":"tomme-fraiche","status":"publish","type":"product","link":"https:\/\/cibrarioformaggi.it\/fr\/negozio\/tomme-fraiche\/","title":{"rendered":"Tomme fra\u00eeche"},"content":{"rendered":"<p>&nbsp;<\/p>\n<table width=\"210\">\n<tbody>\n<tr>\n<td colspan=\"2\" width=\"210\"><strong>Substances pr\u00e9sentes dans 100 g de produit<\/strong><\/td>\n<\/tr>\n<tr>\n<td><\/td>\n<td><\/td>\n<\/tr>\n<tr>\n<td>Valeur \u00e9nerg\u00e9tique<\/td>\n<td>1063 kj &#8211; 256 kcal<\/td>\n<\/tr>\n<tr>\n<td>Graisses totales<\/td>\n<td>20 g<\/td>\n<\/tr>\n<tr>\n<td>dont acides gras satur\u00e9s<\/td>\n<td>12 g<\/td>\n<\/tr>\n<tr>\n<td>Glucides<\/td>\n<td>1 g<\/td>\n<\/tr>\n<tr>\n<td>dont sucres<\/td>\n<td>1 g<\/td>\n<\/tr>\n<tr>\n<td>Prot\u00e9ines<\/td>\n<td>18 g<\/td>\n<\/tr>\n<tr>\n<td>Salles<\/td>\n<td>0,7 g<\/td>\n<\/tr>\n<\/tbody>\n<\/table>\n<p><strong>Ingr\u00e9dients<br \/>\n<\/strong>lait, sel, pr\u00e9sure, ferments lactiques<strong><br \/>\n<\/strong><\/p>\n<p><strong>Allerg\u00e8nes<br \/>\n<\/strong>lait et produits laitiers<\/p>\n<p><strong>Conditions et m\u00e9thodes de stockage<br \/>\n<\/strong>entre 0 et 4 degr\u00e9s centigrades<\/p>\n<p>&nbsp;<\/p>\n","protected":false},"excerpt":{"rendered":"<p>Le fromage le plus ancien et connu du Pi\u00e9mont dans sa variante la plus fra\u00eeche : avec trois mois de maturation, nos tommes d&#8217;alpage conservent tout le go\u00fbt authentique du lait de nos vaches, pour un produit unique et exquis.<\/p>\n<p>Le produit est conditionn\u00e9 sous vide pour en pr\u00e9server intactes les caract\u00e9ristiques.<\/p>\n<p>Prix au kilo : 15,00 \u20ac<\/p>\n<p>Attention : les exp\u00e9ditions ont lieu les jeudis de chaque semaine.<\/p>\n","protected":false},"featured_media":10262,"template":"","meta":[],"product_brand":[],"product_cat":[156],"product_tag":[],"class_list":{"0":"post-11467","1":"product","2":"type-product","3":"status-publish","4":"has-post-thumbnail","6":"product_cat-fromage-dalpage","7":"product_shipping_class-livraison-gratuite","9":"first","10":"instock","11":"shipping-taxable","12":"purchasable","13":"product-type-variable"},"yoast_head":"<!-- This site is optimized with the Yoast SEO plugin v26.9 - https:\/\/yoast.com\/product\/yoast-seo-wordpress\/ -->\n<title>Tomme fra\u00eeche &#187; Azienda Agricola Cibrario<\/title>\n<meta name=\"robots\" content=\"index, follow, max-snippet:-1, max-image-preview:large, max-video-preview:-1\" \/>\n<link rel=\"canonical\" href=\"https:\/\/cibrarioformaggi.it\/fr\/negozio\/tomme-fraiche\/\" \/>\n<meta property=\"og:locale\" content=\"fr_FR\" \/>\n<meta property=\"og:type\" content=\"article\" \/>\n<meta property=\"og:title\" content=\"Tomme fra\u00eeche &#187; Azienda Agricola Cibrario\" \/>\n<meta property=\"og:description\" content=\"Le fromage le plus ancien et connu du Pi\u00e9mont dans sa variante la plus fra\u00eeche : avec trois mois de maturation, nos tommes d&#039;alpage conservent tout le go\u00fbt authentique du lait de nos vaches, pour un produit unique et exquis.  Le produit est conditionn\u00e9 sous vide pour en pr\u00e9server intactes les caract\u00e9ristiques.  Prix au kilo : 15,00 \u20ac  Attention : les exp\u00e9ditions ont lieu les jeudis de chaque semaine.\" \/>\n<meta property=\"og:url\" content=\"https:\/\/cibrarioformaggi.it\/fr\/negozio\/tomme-fraiche\/\" \/>\n<meta property=\"og:site_name\" content=\"Azienda Agricola Cibrario\" \/>\n<meta property=\"article:publisher\" content=\"https:\/\/www.facebook.com\/cibrarioformaggichiomonte\" \/>\n<meta property=\"article:modified_time\" content=\"2024-04-09T10:14:37+00:00\" \/>\n<meta property=\"og:image\" content=\"https:\/\/cibrarioformaggi.it\/wp-content\/uploads\/2022\/07\/04-Stagionati.jpg\" \/>\n\t<meta property=\"og:image:width\" content=\"1280\" \/>\n\t<meta property=\"og:image:height\" content=\"1280\" \/>\n\t<meta property=\"og:image:type\" content=\"image\/jpeg\" \/>\n<meta name=\"twitter:card\" content=\"summary_large_image\" \/>\n<script type=\"application\/ld+json\" class=\"yoast-schema-graph\">{\"@context\":\"https:\/\/schema.org\",\"@graph\":[{\"@type\":\"WebPage\",\"@id\":\"https:\/\/cibrarioformaggi.it\/fr\/negozio\/tomme-fraiche\/\",\"url\":\"https:\/\/cibrarioformaggi.it\/fr\/negozio\/tomme-fraiche\/\",\"name\":\"Tomme fra\u00eeche &#187; Azienda Agricola Cibrario\",\"isPartOf\":{\"@id\":\"https:\/\/cibrarioformaggi.it\/fr\/#website\"},\"primaryImageOfPage\":{\"@id\":\"https:\/\/cibrarioformaggi.it\/fr\/negozio\/tomme-fraiche\/#primaryimage\"},\"image\":{\"@id\":\"https:\/\/cibrarioformaggi.it\/fr\/negozio\/tomme-fraiche\/#primaryimage\"},\"thumbnailUrl\":\"https:\/\/cibrarioformaggi.it\/wp-content\/uploads\/2022\/07\/04-Stagionati.jpg\",\"datePublished\":\"2022-07-14T11:30:18+00:00\",\"dateModified\":\"2024-04-09T10:14:37+00:00\",\"breadcrumb\":{\"@id\":\"https:\/\/cibrarioformaggi.it\/fr\/negozio\/tomme-fraiche\/#breadcrumb\"},\"inLanguage\":\"fr-FR\",\"potentialAction\":[{\"@type\":\"ReadAction\",\"target\":[\"https:\/\/cibrarioformaggi.it\/fr\/negozio\/tomme-fraiche\/\"]}]},{\"@type\":\"ImageObject\",\"inLanguage\":\"fr-FR\",\"@id\":\"https:\/\/cibrarioformaggi.it\/fr\/negozio\/tomme-fraiche\/#primaryimage\",\"url\":\"https:\/\/cibrarioformaggi.it\/wp-content\/uploads\/2022\/07\/04-Stagionati.jpg\",\"contentUrl\":\"https:\/\/cibrarioformaggi.it\/wp-content\/uploads\/2022\/07\/04-Stagionati.jpg\",\"width\":1280,\"height\":1280,\"caption\":\"Toma Fresca e Stagionata\"},{\"@type\":\"BreadcrumbList\",\"@id\":\"https:\/\/cibrarioformaggi.it\/fr\/negozio\/tomme-fraiche\/#breadcrumb\",\"itemListElement\":[{\"@type\":\"ListItem\",\"position\":1,\"name\":\"Home\",\"item\":\"https:\/\/cibrarioformaggi.it\/fr\/\"},{\"@type\":\"ListItem\",\"position\":2,\"name\":\"Boutique\",\"item\":\"https:\/\/cibrarioformaggi.it\/fr\/boutique\/\"},{\"@type\":\"ListItem\",\"position\":3,\"name\":\"Tomme fra\u00eeche\"}]},{\"@type\":\"WebSite\",\"@id\":\"https:\/\/cibrarioformaggi.it\/fr\/#website\",\"url\":\"https:\/\/cibrarioformaggi.it\/fr\/\",\"name\":\"Azienda Agricola Cibrario\",\"description\":\"Chiomonte\",\"publisher\":{\"@id\":\"https:\/\/cibrarioformaggi.it\/fr\/#organization\"},\"potentialAction\":[{\"@type\":\"SearchAction\",\"target\":{\"@type\":\"EntryPoint\",\"urlTemplate\":\"https:\/\/cibrarioformaggi.it\/fr\/?s={search_term_string}\"},\"query-input\":{\"@type\":\"PropertyValueSpecification\",\"valueRequired\":true,\"valueName\":\"search_term_string\"}}],\"inLanguage\":\"fr-FR\"},{\"@type\":\"Organization\",\"@id\":\"https:\/\/cibrarioformaggi.it\/fr\/#organization\",\"name\":\"Azienda Agricola Cibrario\",\"url\":\"https:\/\/cibrarioformaggi.it\/fr\/\",\"logo\":{\"@type\":\"ImageObject\",\"inLanguage\":\"fr-FR\",\"@id\":\"https:\/\/cibrarioformaggi.it\/fr\/#\/schema\/logo\/image\/\",\"url\":\"https:\/\/cibrarioformaggi.it\/wp-content\/uploads\/2022\/07\/Logo-orizzontale@2x.png\",\"contentUrl\":\"https:\/\/cibrarioformaggi.it\/wp-content\/uploads\/2022\/07\/Logo-orizzontale@2x.png\",\"width\":1130,\"height\":380,\"caption\":\"Azienda Agricola Cibrario\"},\"image\":{\"@id\":\"https:\/\/cibrarioformaggi.it\/fr\/#\/schema\/logo\/image\/\"},\"sameAs\":[\"https:\/\/www.facebook.com\/cibrarioformaggichiomonte\",\"https:\/\/www.instagram.com\/cibrario_formaggi_chiomonte\/\"]}]}<\/script>\n<!-- \/ Yoast SEO plugin. -->","yoast_head_json":{"title":"Tomme fra\u00eeche &#187; Azienda Agricola Cibrario","robots":{"index":"index","follow":"follow","max-snippet":"max-snippet:-1","max-image-preview":"max-image-preview:large","max-video-preview":"max-video-preview:-1"},"canonical":"https:\/\/cibrarioformaggi.it\/fr\/negozio\/tomme-fraiche\/","og_locale":"fr_FR","og_type":"article","og_title":"Tomme fra\u00eeche &#187; Azienda Agricola Cibrario","og_description":"Le fromage le plus ancien et connu du Pi\u00e9mont dans sa variante la plus fra\u00eeche : avec trois mois de maturation, nos tommes d'alpage conservent tout le go\u00fbt authentique du lait de nos vaches, pour un produit unique et exquis.  Le produit est conditionn\u00e9 sous vide pour en pr\u00e9server intactes les caract\u00e9ristiques.  Prix au kilo : 15,00 \u20ac  Attention : les exp\u00e9ditions ont lieu les jeudis de chaque semaine.","og_url":"https:\/\/cibrarioformaggi.it\/fr\/negozio\/tomme-fraiche\/","og_site_name":"Azienda Agricola Cibrario","article_publisher":"https:\/\/www.facebook.com\/cibrarioformaggichiomonte","article_modified_time":"2024-04-09T10:14:37+00:00","og_image":[{"width":1280,"height":1280,"url":"https:\/\/cibrarioformaggi.it\/wp-content\/uploads\/2022\/07\/04-Stagionati.jpg","type":"image\/jpeg"}],"twitter_card":"summary_large_image","schema":{"@context":"https:\/\/schema.org","@graph":[{"@type":"WebPage","@id":"https:\/\/cibrarioformaggi.it\/fr\/negozio\/tomme-fraiche\/","url":"https:\/\/cibrarioformaggi.it\/fr\/negozio\/tomme-fraiche\/","name":"Tomme fra\u00eeche &#187; Azienda Agricola Cibrario","isPartOf":{"@id":"https:\/\/cibrarioformaggi.it\/fr\/#website"},"primaryImageOfPage":{"@id":"https:\/\/cibrarioformaggi.it\/fr\/negozio\/tomme-fraiche\/#primaryimage"},"image":{"@id":"https:\/\/cibrarioformaggi.it\/fr\/negozio\/tomme-fraiche\/#primaryimage"},"thumbnailUrl":"https:\/\/cibrarioformaggi.it\/wp-content\/uploads\/2022\/07\/04-Stagionati.jpg","datePublished":"2022-07-14T11:30:18+00:00","dateModified":"2024-04-09T10:14:37+00:00","breadcrumb":{"@id":"https:\/\/cibrarioformaggi.it\/fr\/negozio\/tomme-fraiche\/#breadcrumb"},"inLanguage":"fr-FR","potentialAction":[{"@type":"ReadAction","target":["https:\/\/cibrarioformaggi.it\/fr\/negozio\/tomme-fraiche\/"]}]},{"@type":"ImageObject","inLanguage":"fr-FR","@id":"https:\/\/cibrarioformaggi.it\/fr\/negozio\/tomme-fraiche\/#primaryimage","url":"https:\/\/cibrarioformaggi.it\/wp-content\/uploads\/2022\/07\/04-Stagionati.jpg","contentUrl":"https:\/\/cibrarioformaggi.it\/wp-content\/uploads\/2022\/07\/04-Stagionati.jpg","width":1280,"height":1280,"caption":"Toma Fresca e Stagionata"},{"@type":"BreadcrumbList","@id":"https:\/\/cibrarioformaggi.it\/fr\/negozio\/tomme-fraiche\/#breadcrumb","itemListElement":[{"@type":"ListItem","position":1,"name":"Home","item":"https:\/\/cibrarioformaggi.it\/fr\/"},{"@type":"ListItem","position":2,"name":"Boutique","item":"https:\/\/cibrarioformaggi.it\/fr\/boutique\/"},{"@type":"ListItem","position":3,"name":"Tomme fra\u00eeche"}]},{"@type":"WebSite","@id":"https:\/\/cibrarioformaggi.it\/fr\/#website","url":"https:\/\/cibrarioformaggi.it\/fr\/","name":"Azienda Agricola Cibrario","description":"Chiomonte","publisher":{"@id":"https:\/\/cibrarioformaggi.it\/fr\/#organization"},"potentialAction":[{"@type":"SearchAction","target":{"@type":"EntryPoint","urlTemplate":"https:\/\/cibrarioformaggi.it\/fr\/?s={search_term_string}"},"query-input":{"@type":"PropertyValueSpecification","valueRequired":true,"valueName":"search_term_string"}}],"inLanguage":"fr-FR"},{"@type":"Organization","@id":"https:\/\/cibrarioformaggi.it\/fr\/#organization","name":"Azienda Agricola Cibrario","url":"https:\/\/cibrarioformaggi.it\/fr\/","logo":{"@type":"ImageObject","inLanguage":"fr-FR","@id":"https:\/\/cibrarioformaggi.it\/fr\/#\/schema\/logo\/image\/","url":"https:\/\/cibrarioformaggi.it\/wp-content\/uploads\/2022\/07\/Logo-orizzontale@2x.png","contentUrl":"https:\/\/cibrarioformaggi.it\/wp-content\/uploads\/2022\/07\/Logo-orizzontale@2x.png","width":1130,"height":380,"caption":"Azienda Agricola Cibrario"},"image":{"@id":"https:\/\/cibrarioformaggi.it\/fr\/#\/schema\/logo\/image\/"},"sameAs":["https:\/\/www.facebook.com\/cibrarioformaggichiomonte","https:\/\/www.instagram.com\/cibrario_formaggi_chiomonte\/"]}]}},"_links":{"self":[{"href":"https:\/\/cibrarioformaggi.it\/fr\/wp-json\/wp\/v2\/product\/11467","targetHints":{"allow":["GET"]}}],"collection":[{"href":"https:\/\/cibrarioformaggi.it\/fr\/wp-json\/wp\/v2\/product"}],"about":[{"href":"https:\/\/cibrarioformaggi.it\/fr\/wp-json\/wp\/v2\/types\/product"}],"wp:featuredmedia":[{"embeddable":true,"href":"https:\/\/cibrarioformaggi.it\/fr\/wp-json\/wp\/v2\/media\/10262"}],"wp:attachment":[{"href":"https:\/\/cibrarioformaggi.it\/fr\/wp-json\/wp\/v2\/media?parent=11467"}],"wp:term":[{"taxonomy":"product_brand","embeddable":true,"href":"https:\/\/cibrarioformaggi.it\/fr\/wp-json\/wp\/v2\/product_brand?post=11467"},{"taxonomy":"product_cat","embeddable":true,"href":"https:\/\/cibrarioformaggi.it\/fr\/wp-json\/wp\/v2\/product_cat?post=11467"},{"taxonomy":"product_tag","embeddable":true,"href":"https:\/\/cibrarioformaggi.it\/fr\/wp-json\/wp\/v2\/product_tag?post=11467"}],"curies":[{"name":"wp","href":"https:\/\/api.w.org\/{rel}","templated":true}]}}