{"id":11377,"date":"2024-04-07T15:55:40","date_gmt":"2024-04-07T13:55:40","guid":{"rendered":"https:\/\/cibrarioformaggi.it\/boutique\/miel\/"},"modified":"2024-04-08T17:05:37","modified_gmt":"2024-04-08T15:05:37","slug":"miel","status":"publish","type":"page","link":"https:\/\/cibrarioformaggi.it\/fr\/boutique\/miel\/","title":{"rendered":"Miel"},"content":{"rendered":"\t\t<div data-elementor-type=\"wp-page\" data-elementor-id=\"11377\" class=\"elementor elementor-11377 elementor-11302\">\n\t\t\t\t\t\t<section class=\"wd-negative-gap elementor-section elementor-top-section elementor-element elementor-element-c41e3f0 elementor-section-boxed elementor-section-height-default elementor-section-height-default\" data-id=\"c41e3f0\" data-element_type=\"section\">\n\t\t\t\t\t\t<div class=\"elementor-container elementor-column-gap-default\">\n\t\t\t\t\t<div class=\"elementor-column elementor-col-100 elementor-top-column elementor-element elementor-element-8666685\" data-id=\"8666685\" data-element_type=\"column\">\n\t\t\t<div class=\"elementor-widget-wrap elementor-element-populated\">\n\t\t\t\t\t\t<div class=\"elementor-element elementor-element-1d21c50 wd-width-100 elementor-widget elementor-widget-wd_products\" data-id=\"1d21c50\" data-element_type=\"widget\" data-widget_type=\"wd_products.default\">\n\t\t\t\t<div class=\"elementor-widget-container\">\n\t\t\t\t\t\t\t\t\t\t<div class=\"wd-products-element\">\n\n\t\t\t\n\t\t\t\n\t\t\t\n\t\t\t\n\t\t\t<div class=\"products wd-products grid-columns-3 elements-grid wd-grid-g\" data-paged=\"1\" data-atts=\"{&quot;speed&quot;:null,&quot;slides_per_view&quot;:null,&quot;wrap&quot;:null,&quot;autoplay&quot;:null,&quot;autoheight&quot;:null,&quot;hide_pagination_control&quot;:null,&quot;dynamic_pagination_control&quot;:null,&quot;hide_prev_next_buttons&quot;:null,&quot;carousel_arrows_position&quot;:null,&quot;hide_scrollbar&quot;:null,&quot;scroll_per_page&quot;:null,&quot;center_mode&quot;:null,&quot;post_type&quot;:&quot;ids&quot;,&quot;spacing&quot;:&quot;&quot;,&quot;carousel_sync&quot;:null,&quot;sync_parent_id&quot;:null,&quot;sync_child_id&quot;:null,&quot;scroll_carousel_init&quot;:null,&quot;disable_overflow_carousel&quot;:null,&quot;include&quot;:[&quot;11121&quot;],&quot;taxonomies&quot;:null,&quot;offset&quot;:null,&quot;order&quot;:null,&quot;meta_key&quot;:null,&quot;exclude&quot;:null,&quot;shop_tools&quot;:null,&quot;ajax_recently_viewed&quot;:null,&quot;pagination_arrows_position&quot;:null,&quot;columns&quot;:{&quot;unit&quot;:&quot;px&quot;,&quot;size&quot;:3,&quot;sizes&quot;:[]},&quot;products_masonry&quot;:&quot;&quot;,&quot;products_different_sizes&quot;:&quot;&quot;,&quot;product_quantity&quot;:&quot;&quot;,&quot;sale_countdown&quot;:&quot;0&quot;,&quot;stretch_product&quot;:null,&quot;stock_progress_bar&quot;:&quot;0&quot;,&quot;highlighted_products&quot;:&quot;0&quot;,&quot;products_divider&quot;:null,&quot;products_bordered_grid&quot;:&quot;0&quot;,&quot;products_bordered_grid_style&quot;:null,&quot;products_with_background&quot;:&quot;0&quot;,&quot;products_shadow&quot;:&quot;0&quot;,&quot;img_size&quot;:&quot;large&quot;,&quot;img_size_custom&quot;:null,&quot;grid_gallery_control&quot;:null,&quot;grid_gallery_enable_arrows&quot;:null,&quot;elementor&quot;:true,&quot;force_not_ajax&quot;:&quot;no&quot;}\" data-source=\"shortcode\" data-columns=\"3\" data-grid-gallery=\"\" style=\"--wd-col-lg:3;--wd-col-md:3;--wd-col-sm:2;--wd-gap-lg:20px;--wd-gap-sm:10px;\">\n\t\t\n\t\t\t\t\t\t\t\t<div class=\"wd-product wd-hover-icons wd-col product-grid-item product type-product post-11498 status-publish instock product_cat-miel has-post-thumbnail shipping-taxable purchasable product-type-variable\" data-loop=\"1\" data-id=\"11498\">\n\t\n\t<div class=\"product-wrapper\">\n\t<div class=\"product-element-top wd-quick-shop\">\n\t\t<a href=\"https:\/\/cibrarioformaggi.it\/fr\/negozio\/miel-millefiori-di-montagna\/\" class=\"product-image-link\" tabindex=\"-1\" aria-label=\"Miel de fleurs sauvages de montagne\">\n\t\t\t<img loading=\"lazy\" decoding=\"async\" width=\"800\" height=\"800\" src=\"https:\/\/cibrarioformaggi.it\/wp-content\/uploads\/2024\/03\/miele-cibrario-millefiori-800x800.jpg\" class=\"attachment-large size-large\" alt=\"\" srcset=\"https:\/\/cibrarioformaggi.it\/wp-content\/uploads\/2024\/03\/miele-cibrario-millefiori-800x800.jpg 800w, https:\/\/cibrarioformaggi.it\/wp-content\/uploads\/2024\/03\/miele-cibrario-millefiori-300x300.jpg 300w, https:\/\/cibrarioformaggi.it\/wp-content\/uploads\/2024\/03\/miele-cibrario-millefiori-150x150.jpg 150w, https:\/\/cibrarioformaggi.it\/wp-content\/uploads\/2024\/03\/miele-cibrario-millefiori-768x768.jpg 768w, https:\/\/cibrarioformaggi.it\/wp-content\/uploads\/2024\/03\/miele-cibrario-millefiori-860x860.jpg 860w, https:\/\/cibrarioformaggi.it\/wp-content\/uploads\/2024\/03\/miele-cibrario-millefiori-430x430.jpg 430w, https:\/\/cibrarioformaggi.it\/wp-content\/uploads\/2024\/03\/miele-cibrario-millefiori-700x700.jpg 700w, https:\/\/cibrarioformaggi.it\/wp-content\/uploads\/2024\/03\/miele-cibrario-millefiori.jpg 1280w\" sizes=\"auto, (max-width: 800px) 100vw, 800px\" \/>\t\t<\/a>\n\n\t\t\t\t\t<div class=\"hover-img\">\n\t\t\t\t<img loading=\"lazy\" decoding=\"async\" width=\"800\" height=\"800\" src=\"https:\/\/cibrarioformaggi.it\/wp-content\/uploads\/2024\/03\/miele-cibrario-rododendro-primo-piano.jpg\" class=\"attachment-large size-large\" alt=\"\" srcset=\"https:\/\/cibrarioformaggi.it\/wp-content\/uploads\/2024\/03\/miele-cibrario-rododendro-primo-piano.jpg 800w, https:\/\/cibrarioformaggi.it\/wp-content\/uploads\/2024\/03\/miele-cibrario-rododendro-primo-piano-300x300.jpg 300w, https:\/\/cibrarioformaggi.it\/wp-content\/uploads\/2024\/03\/miele-cibrario-rododendro-primo-piano-150x150.jpg 150w, https:\/\/cibrarioformaggi.it\/wp-content\/uploads\/2024\/03\/miele-cibrario-rododendro-primo-piano-768x768.jpg 768w, https:\/\/cibrarioformaggi.it\/wp-content\/uploads\/2024\/03\/miele-cibrario-rododendro-primo-piano-430x430.jpg 430w, https:\/\/cibrarioformaggi.it\/wp-content\/uploads\/2024\/03\/miele-cibrario-rododendro-primo-piano-700x700.jpg 700w\" sizes=\"auto, (max-width: 800px) 100vw, 800px\" \/>\t\t\t<\/div>\n\t\t\t\n\t\t<div class=\"wrapp-buttons\">\n\t\t\t<div class=\"wd-buttons\">\n\t\t\t\t<div class=\"wd-add-btn wd-action-btn wd-style-icon wd-add-cart-icon\"><a href=\"https:\/\/cibrarioformaggi.it\/fr\/negozio\/miel-millefiori-di-montagna\/\" aria-describedby=\"woocommerce_loop_add_to_cart_link_describedby_11498\" data-quantity=\"1\" class=\"button product_type_variable add_to_cart_button add-to-cart-loop\" data-product_id=\"11498\" data-product_sku=\"\" aria-label=\"S\u00e9lectionner les options pour &ldquo;Miel de fleurs sauvages de montagne&rdquo;\" rel=\"nofollow\"><span>Choix des options<\/span><\/a>\t<span id=\"woocommerce_loop_add_to_cart_link_describedby_11498\" class=\"screen-reader-text\">\n\t\tCe produit a plusieurs variations. Les options peuvent \u00eatre choisies sur la page du produit\t<\/span>\n<\/div>\n\t\t\t\t\t\t\t\t\t\t\t\t\t\t\t\t\t\t\t\t\t\t\t<\/div> \n\t\t<\/div>\n\t<\/div>\n\t\t\t\t\t<h3 class=\"wd-entities-title\"><a href=\"https:\/\/cibrarioformaggi.it\/fr\/negozio\/miel-millefiori-di-montagna\/\">Miel de fleurs sauvages de montagne<\/a><\/h3>\t\t\t\t<div class=\"wd-product-cats\">\n\t\t\t<a href=\"https:\/\/cibrarioformaggi.it\/fr\/categoria-prodotto\/miel\/\" rel=\"tag\">Miel<\/a>\t\t<\/div>\n\t\t\t\t\t\t\n\t<span class=\"price\"><span class=\"price price-only-perkg\"><span class=\"woocommerce-Price-amount amount\"><bdi><span class=\"woocommerce-Price-currencySymbol\">&euro;<\/span>15.00<\/bdi><\/span> \u2013 <span class=\"woocommerce-Price-amount amount\"><bdi><span class=\"woocommerce-Price-currencySymbol\">&euro;<\/span>18.00<\/bdi><\/span>\/kg<\/span><\/span>\n\n\t\t\n\t\t\n\t\t\t<\/div>\n<\/div>\n\t\t\n\t\t\t\t<\/div>\n\t\n\t\t\n\t\t\n\t\t\t\t\t<\/div>\n\t\t\n\t\t\t\t\t\t<\/div>\n\t\t\t\t<\/div>\n\t\t\t\t\t<\/div>\n\t\t<\/div>\n\t\t\t\t\t<\/div>\n\t\t<\/section>\n\t\t\t\t<section class=\"wd-negative-gap elementor-section elementor-top-section elementor-element elementor-element-2d5c8e4 elementor-reverse-mobile elementor-section-full_width elementor-section-height-default elementor-section-height-default\" data-id=\"2d5c8e4\" data-element_type=\"section\" data-settings=\"{&quot;background_background&quot;:&quot;classic&quot;}\">\n\t\t\t\t\t\t<div class=\"elementor-container elementor-column-gap-default\">\n\t\t\t\t\t<div class=\"elementor-column elementor-col-50 elementor-top-column elementor-element elementor-element-aa69104\" data-id=\"aa69104\" data-element_type=\"column\">\n\t\t\t<div class=\"elementor-widget-wrap elementor-element-populated\">\n\t\t\t\t\t\t<div class=\"elementor-element elementor-element-af4a6c5 elementor-widget__width-inherit elementor-widget elementor-widget-image\" data-id=\"af4a6c5\" data-element_type=\"widget\" data-widget_type=\"image.default\">\n\t\t\t\t<div class=\"elementor-widget-container\">\n\t\t\t\t\t\t\t\t\t\t\t\t\t\t\t<img loading=\"lazy\" decoding=\"async\" width=\"800\" height=\"800\" src=\"https:\/\/cibrarioformaggi.it\/wp-content\/uploads\/2024\/03\/miele-cibrario-rododendro-primo-piano.jpg\" class=\"attachment-large size-large wp-image-11500\" alt=\"\" srcset=\"https:\/\/cibrarioformaggi.it\/wp-content\/uploads\/2024\/03\/miele-cibrario-rododendro-primo-piano.jpg 800w, https:\/\/cibrarioformaggi.it\/wp-content\/uploads\/2024\/03\/miele-cibrario-rododendro-primo-piano-300x300.jpg 300w, https:\/\/cibrarioformaggi.it\/wp-content\/uploads\/2024\/03\/miele-cibrario-rododendro-primo-piano-150x150.jpg 150w, https:\/\/cibrarioformaggi.it\/wp-content\/uploads\/2024\/03\/miele-cibrario-rododendro-primo-piano-768x768.jpg 768w, https:\/\/cibrarioformaggi.it\/wp-content\/uploads\/2024\/03\/miele-cibrario-rododendro-primo-piano-430x430.jpg 430w, https:\/\/cibrarioformaggi.it\/wp-content\/uploads\/2024\/03\/miele-cibrario-rododendro-primo-piano-700x700.jpg 700w\" sizes=\"auto, (max-width: 800px) 100vw, 800px\" \/>\t\t\t\t\t\t\t\t\t\t\t\t\t\t\t<\/div>\n\t\t\t\t<\/div>\n\t\t\t\t\t<\/div>\n\t\t<\/div>\n\t\t\t\t<div class=\"elementor-column elementor-col-50 elementor-top-column elementor-element elementor-element-7c3120f elementor-hidden-mobile\" data-id=\"7c3120f\" data-element_type=\"column\">\n\t\t\t<div class=\"elementor-widget-wrap elementor-element-populated\">\n\t\t\t\t\t\t<div class=\"elementor-element elementor-element-8e01aeb wd-width-100 elementor-widget elementor-widget-wd_title\" data-id=\"8e01aeb\" data-element_type=\"widget\" data-widget_type=\"wd_title.default\">\n\t\t\t\t<div class=\"elementor-widget-container\">\n\t\t\t\t\t\t\t<div class=\"title-wrapper wd-set-mb reset-last-child wd-title-color-primary wd-title-style-default wd-title-size-large text-left\">\n\n\t\t\t\n\t\t\t<div class=\"liner-continer\">\n\t\t\t\t<h2 class=\"woodmart-title-container title wd-fontsize-xxl wd-underline-colored\">Produits issus d'une cha\u00eene d'approvisionnement durable \u00e0 z\u00e9ro km<\/h2> \n\t\t\t\t\t\t\t<\/div>\n\n\t\t\t\t\t\t\t<div class=\"title-after_title reset-last-child wd-fontsize-s\">\n\t\t\t\t\t<p>D\u00e9couvrez la douceur naturelle et l'authenticit\u00e9 du <strong>miel de fleurs sauvages des montagnes de Cibrario<\/strong>, un tr\u00e9sor issu de la diversit\u00e9 florale de nos luxuriantes zones de production.<\/p><p>Chaque pot est un concentr\u00e9 de <strong>saveurs et d'ar\u00f4mes uniques<\/strong>, r\u00e9colt\u00e9s par les infatigables abeilles qui visitent une vari\u00e9t\u00e9 de fleurs.<\/p>\t\t\t\t<\/div>\n\t\t\t\t\t<\/div>\n\t\t\t\t\t\t<\/div>\n\t\t\t\t<\/div>\n\t\t\t\t\t<\/div>\n\t\t<\/div>\n\t\t\t\t\t<\/div>\n\t\t<\/section>\n\t\t\t\t<\/div>\n\t\t","protected":false},"excerpt":{"rendered":"<p>Produits issus d&#8217;une cha\u00eene d&#8217;approvisionnement durable \u00e0 z\u00e9ro km D\u00e9couvrez la douceur naturelle et l&#8217;authenticit\u00e9 du miel de fleurs sauvages<\/p>\n","protected":false},"author":12,"featured_media":0,"parent":11348,"menu_order":0,"comment_status":"closed","ping_status":"closed","template":"","meta":{"footnotes":""},"class_list":["post-11377","page","type-page","status-publish","hentry"],"yoast_head":"<!-- This site is optimized with the Yoast SEO plugin v26.9 - https:\/\/yoast.com\/product\/yoast-seo-wordpress\/ -->\n<title>Miel &#187; Azienda Agricola Cibrario<\/title>\n<meta name=\"robots\" content=\"index, follow, max-snippet:-1, max-image-preview:large, max-video-preview:-1\" \/>\n<link rel=\"canonical\" href=\"https:\/\/cibrarioformaggi.it\/fr\/boutique\/miel\/\" \/>\n<meta property=\"og:locale\" content=\"fr_FR\" \/>\n<meta property=\"og:type\" content=\"article\" \/>\n<meta property=\"og:title\" content=\"Miel &#187; Azienda Agricola Cibrario\" \/>\n<meta property=\"og:description\" content=\"Produits issus d&#8217;une cha\u00eene d&#8217;approvisionnement durable \u00e0 z\u00e9ro km D\u00e9couvrez la douceur naturelle et l&#8217;authenticit\u00e9 du miel de fleurs sauvages\" \/>\n<meta property=\"og:url\" content=\"https:\/\/cibrarioformaggi.it\/fr\/boutique\/miel\/\" \/>\n<meta property=\"og:site_name\" content=\"Azienda Agricola Cibrario\" \/>\n<meta property=\"article:publisher\" content=\"https:\/\/www.facebook.com\/cibrarioformaggichiomonte\" \/>\n<meta property=\"article:modified_time\" content=\"2024-04-08T15:05:37+00:00\" \/>\n<meta property=\"og:image\" content=\"https:\/\/cibrarioformaggi.it\/wp-content\/uploads\/2024\/03\/miele-cibrario-rododendro-primo-piano.jpg\" \/>\n<meta name=\"twitter:card\" content=\"summary_large_image\" \/>\n<script type=\"application\/ld+json\" class=\"yoast-schema-graph\">{\"@context\":\"https:\/\/schema.org\",\"@graph\":[{\"@type\":\"WebPage\",\"@id\":\"https:\/\/cibrarioformaggi.it\/fr\/boutique\/miel\/\",\"url\":\"https:\/\/cibrarioformaggi.it\/fr\/boutique\/miel\/\",\"name\":\"Miel &#187; Azienda Agricola Cibrario\",\"isPartOf\":{\"@id\":\"https:\/\/cibrarioformaggi.it\/fr\/#website\"},\"primaryImageOfPage\":{\"@id\":\"https:\/\/cibrarioformaggi.it\/fr\/boutique\/miel\/#primaryimage\"},\"image\":{\"@id\":\"https:\/\/cibrarioformaggi.it\/fr\/boutique\/miel\/#primaryimage\"},\"thumbnailUrl\":\"https:\/\/cibrarioformaggi.it\/wp-content\/uploads\/2024\/03\/miele-cibrario-rododendro-primo-piano.jpg\",\"datePublished\":\"2024-04-07T13:55:40+00:00\",\"dateModified\":\"2024-04-08T15:05:37+00:00\",\"breadcrumb\":{\"@id\":\"https:\/\/cibrarioformaggi.it\/fr\/boutique\/miel\/#breadcrumb\"},\"inLanguage\":\"fr-FR\",\"potentialAction\":[{\"@type\":\"ReadAction\",\"target\":[\"https:\/\/cibrarioformaggi.it\/fr\/boutique\/miel\/\"]}]},{\"@type\":\"ImageObject\",\"inLanguage\":\"fr-FR\",\"@id\":\"https:\/\/cibrarioformaggi.it\/fr\/boutique\/miel\/#primaryimage\",\"url\":\"https:\/\/cibrarioformaggi.it\/wp-content\/uploads\/2024\/03\/miele-cibrario-rododendro-primo-piano.jpg\",\"contentUrl\":\"https:\/\/cibrarioformaggi.it\/wp-content\/uploads\/2024\/03\/miele-cibrario-rododendro-primo-piano.jpg\"},{\"@type\":\"BreadcrumbList\",\"@id\":\"https:\/\/cibrarioformaggi.it\/fr\/boutique\/miel\/#breadcrumb\",\"itemListElement\":[{\"@type\":\"ListItem\",\"position\":1,\"name\":\"Home\",\"item\":\"https:\/\/cibrarioformaggi.it\/fr\/\"},{\"@type\":\"ListItem\",\"position\":2,\"name\":\"Boutique\",\"item\":\"https:\/\/cibrarioformaggi.it\/fr\/boutique\/\"},{\"@type\":\"ListItem\",\"position\":3,\"name\":\"Miel\"}]},{\"@type\":\"WebSite\",\"@id\":\"https:\/\/cibrarioformaggi.it\/fr\/#website\",\"url\":\"https:\/\/cibrarioformaggi.it\/fr\/\",\"name\":\"Azienda Agricola Cibrario\",\"description\":\"Chiomonte\",\"publisher\":{\"@id\":\"https:\/\/cibrarioformaggi.it\/fr\/#organization\"},\"potentialAction\":[{\"@type\":\"SearchAction\",\"target\":{\"@type\":\"EntryPoint\",\"urlTemplate\":\"https:\/\/cibrarioformaggi.it\/fr\/?s={search_term_string}\"},\"query-input\":{\"@type\":\"PropertyValueSpecification\",\"valueRequired\":true,\"valueName\":\"search_term_string\"}}],\"inLanguage\":\"fr-FR\"},{\"@type\":\"Organization\",\"@id\":\"https:\/\/cibrarioformaggi.it\/fr\/#organization\",\"name\":\"Azienda Agricola Cibrario\",\"url\":\"https:\/\/cibrarioformaggi.it\/fr\/\",\"logo\":{\"@type\":\"ImageObject\",\"inLanguage\":\"fr-FR\",\"@id\":\"https:\/\/cibrarioformaggi.it\/fr\/#\/schema\/logo\/image\/\",\"url\":\"https:\/\/cibrarioformaggi.it\/wp-content\/uploads\/2022\/07\/Logo-orizzontale@2x.png\",\"contentUrl\":\"https:\/\/cibrarioformaggi.it\/wp-content\/uploads\/2022\/07\/Logo-orizzontale@2x.png\",\"width\":1130,\"height\":380,\"caption\":\"Azienda Agricola Cibrario\"},\"image\":{\"@id\":\"https:\/\/cibrarioformaggi.it\/fr\/#\/schema\/logo\/image\/\"},\"sameAs\":[\"https:\/\/www.facebook.com\/cibrarioformaggichiomonte\",\"https:\/\/www.instagram.com\/cibrario_formaggi_chiomonte\/\"]}]}<\/script>\n<!-- \/ Yoast SEO plugin. -->","yoast_head_json":{"title":"Miel &#187; Azienda Agricola Cibrario","robots":{"index":"index","follow":"follow","max-snippet":"max-snippet:-1","max-image-preview":"max-image-preview:large","max-video-preview":"max-video-preview:-1"},"canonical":"https:\/\/cibrarioformaggi.it\/fr\/boutique\/miel\/","og_locale":"fr_FR","og_type":"article","og_title":"Miel &#187; Azienda Agricola Cibrario","og_description":"Produits issus d&#8217;une cha\u00eene d&#8217;approvisionnement durable \u00e0 z\u00e9ro km D\u00e9couvrez la douceur naturelle et l&#8217;authenticit\u00e9 du miel de fleurs sauvages","og_url":"https:\/\/cibrarioformaggi.it\/fr\/boutique\/miel\/","og_site_name":"Azienda Agricola Cibrario","article_publisher":"https:\/\/www.facebook.com\/cibrarioformaggichiomonte","article_modified_time":"2024-04-08T15:05:37+00:00","og_image":[{"url":"https:\/\/cibrarioformaggi.it\/wp-content\/uploads\/2024\/03\/miele-cibrario-rododendro-primo-piano.jpg","type":"","width":"","height":""}],"twitter_card":"summary_large_image","schema":{"@context":"https:\/\/schema.org","@graph":[{"@type":"WebPage","@id":"https:\/\/cibrarioformaggi.it\/fr\/boutique\/miel\/","url":"https:\/\/cibrarioformaggi.it\/fr\/boutique\/miel\/","name":"Miel &#187; Azienda Agricola Cibrario","isPartOf":{"@id":"https:\/\/cibrarioformaggi.it\/fr\/#website"},"primaryImageOfPage":{"@id":"https:\/\/cibrarioformaggi.it\/fr\/boutique\/miel\/#primaryimage"},"image":{"@id":"https:\/\/cibrarioformaggi.it\/fr\/boutique\/miel\/#primaryimage"},"thumbnailUrl":"https:\/\/cibrarioformaggi.it\/wp-content\/uploads\/2024\/03\/miele-cibrario-rododendro-primo-piano.jpg","datePublished":"2024-04-07T13:55:40+00:00","dateModified":"2024-04-08T15:05:37+00:00","breadcrumb":{"@id":"https:\/\/cibrarioformaggi.it\/fr\/boutique\/miel\/#breadcrumb"},"inLanguage":"fr-FR","potentialAction":[{"@type":"ReadAction","target":["https:\/\/cibrarioformaggi.it\/fr\/boutique\/miel\/"]}]},{"@type":"ImageObject","inLanguage":"fr-FR","@id":"https:\/\/cibrarioformaggi.it\/fr\/boutique\/miel\/#primaryimage","url":"https:\/\/cibrarioformaggi.it\/wp-content\/uploads\/2024\/03\/miele-cibrario-rododendro-primo-piano.jpg","contentUrl":"https:\/\/cibrarioformaggi.it\/wp-content\/uploads\/2024\/03\/miele-cibrario-rododendro-primo-piano.jpg"},{"@type":"BreadcrumbList","@id":"https:\/\/cibrarioformaggi.it\/fr\/boutique\/miel\/#breadcrumb","itemListElement":[{"@type":"ListItem","position":1,"name":"Home","item":"https:\/\/cibrarioformaggi.it\/fr\/"},{"@type":"ListItem","position":2,"name":"Boutique","item":"https:\/\/cibrarioformaggi.it\/fr\/boutique\/"},{"@type":"ListItem","position":3,"name":"Miel"}]},{"@type":"WebSite","@id":"https:\/\/cibrarioformaggi.it\/fr\/#website","url":"https:\/\/cibrarioformaggi.it\/fr\/","name":"Azienda Agricola Cibrario","description":"Chiomonte","publisher":{"@id":"https:\/\/cibrarioformaggi.it\/fr\/#organization"},"potentialAction":[{"@type":"SearchAction","target":{"@type":"EntryPoint","urlTemplate":"https:\/\/cibrarioformaggi.it\/fr\/?s={search_term_string}"},"query-input":{"@type":"PropertyValueSpecification","valueRequired":true,"valueName":"search_term_string"}}],"inLanguage":"fr-FR"},{"@type":"Organization","@id":"https:\/\/cibrarioformaggi.it\/fr\/#organization","name":"Azienda Agricola Cibrario","url":"https:\/\/cibrarioformaggi.it\/fr\/","logo":{"@type":"ImageObject","inLanguage":"fr-FR","@id":"https:\/\/cibrarioformaggi.it\/fr\/#\/schema\/logo\/image\/","url":"https:\/\/cibrarioformaggi.it\/wp-content\/uploads\/2022\/07\/Logo-orizzontale@2x.png","contentUrl":"https:\/\/cibrarioformaggi.it\/wp-content\/uploads\/2022\/07\/Logo-orizzontale@2x.png","width":1130,"height":380,"caption":"Azienda Agricola Cibrario"},"image":{"@id":"https:\/\/cibrarioformaggi.it\/fr\/#\/schema\/logo\/image\/"},"sameAs":["https:\/\/www.facebook.com\/cibrarioformaggichiomonte","https:\/\/www.instagram.com\/cibrario_formaggi_chiomonte\/"]}]}},"_links":{"self":[{"href":"https:\/\/cibrarioformaggi.it\/fr\/wp-json\/wp\/v2\/pages\/11377","targetHints":{"allow":["GET"]}}],"collection":[{"href":"https:\/\/cibrarioformaggi.it\/fr\/wp-json\/wp\/v2\/pages"}],"about":[{"href":"https:\/\/cibrarioformaggi.it\/fr\/wp-json\/wp\/v2\/types\/page"}],"author":[{"embeddable":true,"href":"https:\/\/cibrarioformaggi.it\/fr\/wp-json\/wp\/v2\/users\/12"}],"replies":[{"embeddable":true,"href":"https:\/\/cibrarioformaggi.it\/fr\/wp-json\/wp\/v2\/comments?post=11377"}],"version-history":[{"count":1,"href":"https:\/\/cibrarioformaggi.it\/fr\/wp-json\/wp\/v2\/pages\/11377\/revisions"}],"predecessor-version":[{"id":11379,"href":"https:\/\/cibrarioformaggi.it\/fr\/wp-json\/wp\/v2\/pages\/11377\/revisions\/11379"}],"up":[{"embeddable":true,"href":"https:\/\/cibrarioformaggi.it\/fr\/wp-json\/wp\/v2\/pages\/11348"}],"wp:attachment":[{"href":"https:\/\/cibrarioformaggi.it\/fr\/wp-json\/wp\/v2\/media?parent=11377"}],"curies":[{"name":"wp","href":"https:\/\/api.w.org\/{rel}","templated":true}]}}